{"id":96,"date":"2008-07-18T09:26:18","date_gmt":"2008-07-18T07:26:18","guid":{"rendered":"http:\/\/www.centrosocialcaixanova.com\/naturnova\/portal\/?page_id=96"},"modified":"2017-11-16T12:45:15","modified_gmt":"2017-11-16T11:45:15","slug":"biodiversidad","status":"publish","type":"page","link":"https:\/\/naturnova.afundacion.org\/portal\/es\/biodiversidad\/","title":{"rendered":"Biodiversidad"},"content":{"rendered":"<table border=\"0\" width=\"100%\" cellspacing=\"0\" cellpadding=\"0\">\n<tbody>\n<tr>\n<td class=\"sectiontableheader\"><\/td>\n<td class=\"sectiontableheader\" width=\"90%\" height=\"20\"><\/td>\n<td class=\"sectiontableheader\" align=\"right\" width=\"30\" height=\"20\"><\/td>\n<\/tr>\n<tr class=\"sectiontableentry1\">\n<td align=\"center\" width=\"100\" height=\"20\"><\/td>\n<td height=\"20\"><a class=\"category\" href=\"http:\/\/www.anthos.es\/\" target=\"_blank\">Plantas<\/a><br \/>\nSistema de informaci\u00f3n sobre las plantas en Espa\u00f1a.<\/td>\n<td align=\"center\"><\/td>\n<\/tr>\n<tr class=\"sectiontableentry2\">\n<td align=\"center\" width=\"100\" height=\"20\"><\/td>\n<td height=\"20\"><a class=\"category\" href=\"http:\/\/www.natureserve.org\/\" target=\"_blank\">Natureserve<\/a><br \/>\nEn ingl\u00e9s.<\/td>\n<td align=\"center\"><\/td>\n<\/tr>\n<tr class=\"sectiontableentry1\">\n<td align=\"center\" width=\"100\" height=\"20\"><\/td>\n<td height=\"20\"><a class=\"category\" href=\"http:\/\/www.iucn.org\" target=\"_blank\">IUCN<\/a><br \/>\nEn ingl\u00e9s. The World Conservation Union.<\/td>\n<td align=\"center\"><\/td>\n<\/tr>\n<tr class=\"sectiontableentry2\">\n<td align=\"center\" width=\"100\" height=\"20\"><\/td>\n<td height=\"20\"><a class=\"category\" href=\"http:\/\/www.iucnredlist.org\" target=\"_blank\">Especies amenazadas<\/a><br \/>\nLista Roja de especies amenazadas. En ingl\u00e9s.<\/td>\n<td align=\"center\"><\/td>\n<\/tr>\n<tr class=\"sectiontableentry1\">\n<td align=\"center\" width=\"100\" height=\"20\"><\/td>\n<td height=\"20\"><\/td>\n<td align=\"center\"><\/td>\n<\/tr>\n<tr class=\"sectiontableentry2\">\n<td align=\"center\" width=\"100\" height=\"20\"><\/td>\n<td height=\"20\"><\/td>\n<td align=\"center\"><\/td>\n<\/tr>\n<\/tbody>\n<\/table>\n","protected":false},"excerpt":{"rendered":"<p>Plantas Sistema de informaci\u00f3n sobre las plantas en Espa\u00f1a. Natureserve En ingl\u00e9s. IUCN En ingl\u00e9s. The World Conservation Union. Especies amenazadas Lista Roja de especies amenazadas. En ingl\u00e9s.<\/p>\n","protected":false},"author":1,"featured_media":0,"parent":0,"menu_order":0,"comment_status":"closed","ping_status":"open","template":"","meta":[],"_links":{"self":[{"href":"https:\/\/naturnova.afundacion.org\/portal\/wp-json\/wp\/v2\/pages\/96"}],"collection":[{"href":"https:\/\/naturnova.afundacion.org\/portal\/wp-json\/wp\/v2\/pages"}],"about":[{"href":"https:\/\/naturnova.afundacion.org\/portal\/wp-json\/wp\/v2\/types\/page"}],"author":[{"embeddable":true,"href":"https:\/\/naturnova.afundacion.org\/portal\/wp-json\/wp\/v2\/users\/1"}],"replies":[{"embeddable":true,"href":"https:\/\/naturnova.afundacion.org\/portal\/wp-json\/wp\/v2\/comments?post=96"}],"version-history":[{"count":2,"href":"https:\/\/naturnova.afundacion.org\/portal\/wp-json\/wp\/v2\/pages\/96\/revisions"}],"predecessor-version":[{"id":1499,"href":"https:\/\/naturnova.afundacion.org\/portal\/wp-json\/wp\/v2\/pages\/96\/revisions\/1499"}],"wp:attachment":[{"href":"https:\/\/naturnova.afundacion.org\/portal\/wp-json\/wp\/v2\/media?parent=96"}],"curies":[{"name":"wp","href":"https:\/\/api.w.org\/{rel}","templated":true}]}}