{"id":95,"date":"2008-07-18T09:23:56","date_gmt":"2008-07-18T07:23:56","guid":{"rendered":"http:\/\/www.centrosocialcaixanova.com\/naturnova\/portal\/?page_id=95"},"modified":"2017-11-16T12:45:19","modified_gmt":"2017-11-16T11:45:19","slug":"seres-vivios","status":"publish","type":"page","link":"https:\/\/naturnova.afundacion.org\/portal\/es\/seres-vivios\/","title":{"rendered":"Seres vivos"},"content":{"rendered":"<table border=\"0\" width=\"100%\" cellspacing=\"0\" cellpadding=\"0\">\n<tbody>\n<tr>\n<td class=\"sectiontableheader\"><\/td>\n<td class=\"sectiontableheader\" width=\"90%\" height=\"20\"><\/td>\n<td class=\"sectiontableheader\" align=\"right\" width=\"30\" height=\"20\"><\/td>\n<\/tr>\n<tr class=\"sectiontableentry1\">\n<td align=\"center\" width=\"100\" height=\"20\"><\/td>\n<td height=\"20\"><a href=\"http:\/\/www.rjb.csic.es\/\" target=\"_blank\">Bot\u00e1nica<\/a><br \/>\nReal jard\u00edn Bot\u00e1nico. Web del Consejo Superior de Investigaciones Cient\u00edficas.<\/td>\n<td align=\"center\"><\/td>\n<\/tr>\n<tr class=\"sectiontableentry2\">\n<td align=\"center\" width=\"100\" height=\"20\"><\/td>\n<td height=\"20\"><a class=\"category\" href=\"http:\/\/www.fotonatura.org\/\" target=\"_blank\">Naturaleza<\/a><br \/>\nFotograf\u00edas de la naturaleza.<\/td>\n<td align=\"center\"><\/td>\n<\/tr>\n<tr class=\"sectiontableentry1\">\n<td align=\"center\" width=\"100\" height=\"20\"><\/td>\n<td height=\"20\"><a class=\"category\" href=\"http:\/\/www.seo.org\/\" target=\"_blank\">SEO<\/a><br \/>\nSEO (Sociedad Espa\u00f1ola de Ornitolog\u00eda). Informaci\u00f3n sobre aves y p\u00e1jaros.<\/td>\n<td align=\"center\"><\/td>\n<\/tr>\n<tr class=\"sectiontableentry2\">\n<td align=\"center\" width=\"100\" height=\"20\"><\/td>\n<td height=\"20\"><\/td>\n<td align=\"center\"><\/td>\n<\/tr>\n<tr class=\"sectiontableentry1\">\n<td align=\"center\" width=\"100\" height=\"20\"><\/td>\n<td height=\"20\"><\/td>\n<td align=\"center\"><\/td>\n<\/tr>\n<tr class=\"sectiontableentry2\">\n<td align=\"center\" width=\"100\" height=\"20\"><\/td>\n<td height=\"20\"><\/td>\n<td align=\"center\"><\/td>\n<\/tr>\n<tr class=\"sectiontableentry1\">\n<td align=\"center\" width=\"100\" height=\"20\"><\/td>\n<td height=\"20\"><\/td>\n<td align=\"center\"><\/td>\n<\/tr>\n<\/tbody>\n<\/table>\n","protected":false},"excerpt":{"rendered":"<p>Bot\u00e1nica Real jard\u00edn Bot\u00e1nico. Web del Consejo Superior de Investigaciones Cient\u00edficas. Naturaleza Fotograf\u00edas de la naturaleza. SEO SEO (Sociedad Espa\u00f1ola de Ornitolog\u00eda). Informaci\u00f3n sobre aves y p\u00e1jaros.<\/p>\n","protected":false},"author":1,"featured_media":0,"parent":0,"menu_order":0,"comment_status":"closed","ping_status":"open","template":"","meta":[],"_links":{"self":[{"href":"https:\/\/naturnova.afundacion.org\/portal\/wp-json\/wp\/v2\/pages\/95"}],"collection":[{"href":"https:\/\/naturnova.afundacion.org\/portal\/wp-json\/wp\/v2\/pages"}],"about":[{"href":"https:\/\/naturnova.afundacion.org\/portal\/wp-json\/wp\/v2\/types\/page"}],"author":[{"embeddable":true,"href":"https:\/\/naturnova.afundacion.org\/portal\/wp-json\/wp\/v2\/users\/1"}],"replies":[{"embeddable":true,"href":"https:\/\/naturnova.afundacion.org\/portal\/wp-json\/wp\/v2\/comments?post=95"}],"version-history":[{"count":2,"href":"https:\/\/naturnova.afundacion.org\/portal\/wp-json\/wp\/v2\/pages\/95\/revisions"}],"predecessor-version":[{"id":1495,"href":"https:\/\/naturnova.afundacion.org\/portal\/wp-json\/wp\/v2\/pages\/95\/revisions\/1495"}],"wp:attachment":[{"href":"https:\/\/naturnova.afundacion.org\/portal\/wp-json\/wp\/v2\/media?parent=95"}],"curies":[{"name":"wp","href":"https:\/\/api.w.org\/{rel}","templated":true}]}}