{"id":82,"date":"2008-07-18T08:55:38","date_gmt":"2008-07-18T06:55:38","guid":{"rendered":"http:\/\/www.centrosocialcaixanova.com\/naturnova\/portal\/?page_id=82"},"modified":"2017-11-16T12:45:17","modified_gmt":"2017-11-16T11:45:17","slug":"historia-de-la-vida-en-la-tierra","status":"publish","type":"page","link":"https:\/\/naturnova.afundacion.org\/portal\/es\/historia-de-la-vida-en-la-tierra\/","title":{"rendered":"Historia de la vida en la Tierra"},"content":{"rendered":"<table class=\"contentpane\" border=\"0\" width=\"100%\" cellspacing=\"0\" cellpadding=\"4\" align=\"center\">\n<tbody>\n<tr>\n<td class=\"contentdescription\" colspan=\"2\" valign=\"top\" width=\"60%\"><\/td>\n<\/tr>\n<tr>\n<td>\n<table border=\"0\" width=\"100%\" cellspacing=\"0\" cellpadding=\"0\">\n<tbody>\n<tr>\n<td class=\"sectiontableheader\"><\/td>\n<td class=\"sectiontableheader\" width=\"90%\" height=\"20\"><\/td>\n<td class=\"sectiontableheader\" align=\"right\" width=\"30\" height=\"20\"><\/td>\n<\/tr>\n<tr class=\"sectiontableentry1\">\n<td align=\"center\" width=\"100\" height=\"20\"><\/td>\n<td height=\"20\"><\/td>\n<td align=\"center\"><\/td>\n<\/tr>\n<tr class=\"sectiontableentry2\">\n<td align=\"center\" width=\"100\" height=\"20\"><\/td>\n<td height=\"20\"><a class=\"category\" href=\"http:\/\/www.pbs.org\/wgbh\/nova\/origins\/life.html\" target=\"_blank\">NOVA<\/a><br \/>\nOr\u00edgenes y desarrollo de la vida. En ingl\u00e9s.<\/td>\n<td align=\"center\"><\/td>\n<\/tr>\n<tr class=\"sectiontableentry1\">\n<td align=\"center\" width=\"100\" height=\"20\"><\/td>\n<td height=\"20\"><a class=\"category\" href=\"http:\/\/www.visibleearth.nasa.gov\/\" target=\"_blank\">NASA<\/a><br \/>\nIm\u00e1genes sat\u00e9lite de la Tierra. En ingl\u00e9s.<\/td>\n<td align=\"center\"><\/td>\n<\/tr>\n<\/tbody>\n<\/table>\n<\/td>\n<\/tr>\n<\/tbody>\n<\/table>\n","protected":false},"excerpt":{"rendered":"<p>NOVA Or\u00edgenes y desarrollo de la vida. En ingl\u00e9s. NASA Im\u00e1genes sat\u00e9lite de la Tierra. En ingl\u00e9s.<\/p>\n","protected":false},"author":1,"featured_media":0,"parent":0,"menu_order":0,"comment_status":"closed","ping_status":"open","template":"","meta":[],"_links":{"self":[{"href":"https:\/\/naturnova.afundacion.org\/portal\/wp-json\/wp\/v2\/pages\/82"}],"collection":[{"href":"https:\/\/naturnova.afundacion.org\/portal\/wp-json\/wp\/v2\/pages"}],"about":[{"href":"https:\/\/naturnova.afundacion.org\/portal\/wp-json\/wp\/v2\/types\/page"}],"author":[{"embeddable":true,"href":"https:\/\/naturnova.afundacion.org\/portal\/wp-json\/wp\/v2\/users\/1"}],"replies":[{"embeddable":true,"href":"https:\/\/naturnova.afundacion.org\/portal\/wp-json\/wp\/v2\/comments?post=82"}],"version-history":[{"count":2,"href":"https:\/\/naturnova.afundacion.org\/portal\/wp-json\/wp\/v2\/pages\/82\/revisions"}],"predecessor-version":[{"id":1476,"href":"https:\/\/naturnova.afundacion.org\/portal\/wp-json\/wp\/v2\/pages\/82\/revisions\/1476"}],"wp:attachment":[{"href":"https:\/\/naturnova.afundacion.org\/portal\/wp-json\/wp\/v2\/media?parent=82"}],"curies":[{"name":"wp","href":"https:\/\/api.w.org\/{rel}","templated":true}]}}