{"id":81,"date":"2008-07-18T08:53:59","date_gmt":"2008-07-18T06:53:59","guid":{"rendered":"http:\/\/www.centrosocialcaixanova.com\/naturnova\/portal\/?page_id=81"},"modified":"2017-11-16T12:45:20","modified_gmt":"2017-11-16T11:45:20","slug":"universo-galaxias-y-sistema-solar","status":"publish","type":"page","link":"https:\/\/naturnova.afundacion.org\/portal\/es\/universo-galaxias-y-sistema-solar\/","title":{"rendered":"Universo, galaxias y Sistema Solar"},"content":{"rendered":"<table class=\"contentpane\" border=\"0\" width=\"100%\" cellspacing=\"0\" cellpadding=\"4\" align=\"center\">\n<tbody>\n<tr>\n<td class=\"contentdescription\" colspan=\"2\" valign=\"top\" width=\"60%\"><\/td>\n<\/tr>\n<tr>\n<td>\n<table border=\"0\" width=\"100%\" cellspacing=\"0\" cellpadding=\"0\">\n<tbody>\n<tr>\n<td class=\"sectiontableheader\"><\/td>\n<td class=\"sectiontableheader\" width=\"90%\" height=\"20\"><\/td>\n<td class=\"sectiontableheader\" align=\"right\" width=\"30\" height=\"20\"><\/td>\n<\/tr>\n<tr class=\"sectiontableentry1\">\n<td align=\"center\" width=\"100\" height=\"20\"><\/td>\n<td height=\"20\"><a class=\"category\" href=\"http:\/\/www.esa.int\/esaCP\/Spain.html\" target=\"_blank\" rel=\"noopener noreferrer\">ESA<\/a><br \/>\nAgencia Espacial Europea<\/td>\n<td align=\"center\"><\/td>\n<\/tr>\n<tr class=\"sectiontableentry2\">\n<td align=\"center\" width=\"100\" height=\"20\"><\/td>\n<td height=\"20\"><a class=\"category\" href=\"http:\/\/www.esa.int\/esaKIDSes\/fun.html\" target=\"_blank\" rel=\"noopener noreferrer\">ESA (kids)<\/a><br \/>\nESA (Agencia Espacial Europea). Recursos y J U E G O S para ni\u00f1os y ni\u00f1as.<\/td>\n<td align=\"center\"><\/td>\n<\/tr>\n<tr class=\"sectiontableentry1\">\n<td align=\"center\" width=\"100\" height=\"20\"><\/td>\n<td height=\"20\"><a class=\"category\" href=\"http:\/\/www.nasa.gov\/about\/highlights\/En_Espanol.html\" target=\"_blank\" rel=\"noopener noreferrer\">NASA<\/a><br \/>\nNational Aeronautics and Space Administration. En ingl\u00e9s, aunque tiene una secci\u00f3n en espa\u00f1ol con J U E G O S y experimentos.<\/td>\n<td align=\"center\"><\/td>\n<\/tr>\n<tr class=\"sectiontableentry2\">\n<td align=\"center\" width=\"100\" height=\"20\"><\/td>\n<td height=\"20\">J<a href=\"http:\/\/ares.cnice.mec.es\/ciengehi\/b\/03\/animaciones\/a_fb24_00.html\">uego sobre planetas<\/a><\/td>\n<td align=\"center\"><\/td>\n<\/tr>\n<tr class=\"sectiontableentry1\">\n<td align=\"center\" width=\"100\" height=\"20\"><\/td>\n<td height=\"20\"><a class=\"category\" href=\"http:\/\/www.pbs.org\/wgbh\/nova\/origins\/universe.html\" target=\"_blank\" rel=\"noopener noreferrer\">NOVA<\/a><br \/>\nOr\u00edgenes e historia del universo. En ingl\u00e9s.<\/td>\n<td align=\"center\"><\/td>\n<\/tr>\n<\/tbody>\n<\/table>\n<\/td>\n<\/tr>\n<\/tbody>\n<\/table>\n","protected":false},"excerpt":{"rendered":"<p>ESA Agencia Espacial Europea ESA (kids) ESA (Agencia Espacial Europea). Recursos y J U E G O S para ni\u00f1os y ni\u00f1as. NASA National Aeronautics and Space Administration. En ingl\u00e9s, aunque tiene una secci\u00f3n en espa\u00f1ol con J U E G O S y experimentos. Juego sobre planetas NOVA Or\u00edgenes e historia del universo. En [&hellip;]<\/p>\n","protected":false},"author":1,"featured_media":0,"parent":0,"menu_order":0,"comment_status":"closed","ping_status":"open","template":"","meta":[],"_links":{"self":[{"href":"https:\/\/naturnova.afundacion.org\/portal\/wp-json\/wp\/v2\/pages\/81"}],"collection":[{"href":"https:\/\/naturnova.afundacion.org\/portal\/wp-json\/wp\/v2\/pages"}],"about":[{"href":"https:\/\/naturnova.afundacion.org\/portal\/wp-json\/wp\/v2\/types\/page"}],"author":[{"embeddable":true,"href":"https:\/\/naturnova.afundacion.org\/portal\/wp-json\/wp\/v2\/users\/1"}],"replies":[{"embeddable":true,"href":"https:\/\/naturnova.afundacion.org\/portal\/wp-json\/wp\/v2\/comments?post=81"}],"version-history":[{"count":3,"href":"https:\/\/naturnova.afundacion.org\/portal\/wp-json\/wp\/v2\/pages\/81\/revisions"}],"predecessor-version":[{"id":1782,"href":"https:\/\/naturnova.afundacion.org\/portal\/wp-json\/wp\/v2\/pages\/81\/revisions\/1782"}],"wp:attachment":[{"href":"https:\/\/naturnova.afundacion.org\/portal\/wp-json\/wp\/v2\/media?parent=81"}],"curies":[{"name":"wp","href":"https:\/\/api.w.org\/{rel}","templated":true}]}}