{"id":8,"date":"2021-12-21T12:14:00","date_gmt":"2021-12-21T11:14:00","guid":{"rendered":"http:\/\/www.centrosocialcaixanova.com\/naturnova\/portal\/?page_id=8"},"modified":"2026-02-18T11:33:20","modified_gmt":"2026-02-18T10:33:20","slug":"horarios-2","status":"publish","type":"page","link":"https:\/\/naturnova.afundacion.org\/portal\/es\/horarios-2\/","title":{"rendered":"Horarios"},"content":{"rendered":"<p><strong><a href=\"https:\/\/naturnova.afundacion.org\/portal\/wp-content\/uploads\/2024\/06\/MG_6130-1-scaled.jpg\"><img loading=\"lazy\" class=\"alignright size-full wp-image-3207\" src=\"https:\/\/naturnova.afundacion.org\/portal\/wp-content\/uploads\/2024\/06\/MG_6130-1-scaled.jpg\" alt=\"\" width=\"2560\" height=\"1664\" srcset=\"https:\/\/naturnova.afundacion.org\/portal\/wp-content\/uploads\/2024\/06\/MG_6130-1-scaled.jpg 2560w, https:\/\/naturnova.afundacion.org\/portal\/wp-content\/uploads\/2024\/06\/MG_6130-1-300x195.jpg 300w, https:\/\/naturnova.afundacion.org\/portal\/wp-content\/uploads\/2024\/06\/MG_6130-1-1024x665.jpg 1024w, https:\/\/naturnova.afundacion.org\/portal\/wp-content\/uploads\/2024\/06\/MG_6130-1-768x499.jpg 768w, https:\/\/naturnova.afundacion.org\/portal\/wp-content\/uploads\/2024\/06\/MG_6130-1-1536x998.jpg 1536w, https:\/\/naturnova.afundacion.org\/portal\/wp-content\/uploads\/2024\/06\/MG_6130-1-2048x1331.jpg 2048w\" sizes=\"(max-width: 2560px) 100vw, 2560px\" \/><\/a>Abierto al p\u00fablico general:<\/strong><\/p>\n<p>Del 1 de octubre al 30 de junio (excepto festivos): los s\u00e1bados de 17:30 a 20:30 horas.<\/p>\n<p><strong>Semana Santa 2026<\/strong><\/p>\n<p>Abriremos los d\u00edas 30 de marzo, 31 de marzo y 1 de abril de 17:30-20:30 <span style=\"color: #ff0000;\">(s\u00e1bado 4 de abril cerrado)<\/span><\/p>\n<p>No se hace reserva, es por orden de llegada hasta completar aforo.<\/p>\n<p><strong>Lunes, domingos y festivos cerrado<\/strong><\/p>\n<p><strong>Julio 2025 p\u00fablico general:<\/strong><\/p>\n<p>Abriremos los d\u00edas 4, 11 y 18 de julio de 11:00-13:30<\/p>\n<p><strong>Horario Navidad:<\/strong><\/p>\n<p>Estas navidades 2025 abriremos los d\u00edas 27 de diciembre y 3 de enero de 17:30 a 20:30.<\/p>\n<p>Los d\u00edas 23, 26, 30 de diciembre y 2 de enero tendremos taller de insectos con previa inscripci\u00f3n.<\/p>\n<p><strong>Abierto para visitas de grupos y centros educativos:<span style=\"color: #ff0000;\">\u00a0<\/span><\/strong><\/p>\n<p>Del\u00a015 de noviembre\u00a0al 31\u00a0de julio: de martes a viernes, previa reserva en el tel\u00e9fono 986 12 00 89\/88 \u00f3 en <a href=\"mailto:naturnova@afundacion.org\">naturnova@afundacion.org<\/a><\/p>\n<p><strong>Horario Navidad:<\/strong><\/p>\n<p>Estas navidades 2025 abriremos los d\u00edas 27 de diciembre y 3 de enero de 17:30 a 20:30.<\/p>\n<p>Los d\u00edas 23, 26, 30 de diciembre y 2 de enero tendremos taller de insectos con previa inscripci\u00f3n.<\/p>\n<p><strong>Actividades\u00a0para ni\u00f1os: <\/strong><\/p>\n<p>En julio, previa reserva\u00a0en el tel\u00e9fono 986 12 00 88 \u00f3\u00a0en <a href=\"mailto:naturnova@afundacion.org\">naturnova@afundacion.org<\/a><\/p>\n","protected":false},"excerpt":{"rendered":"<p>Abierto al p\u00fablico general: Del 1 de octubre al 30 de junio (excepto festivos): los s\u00e1bados de 17:30 a 20:30 horas. Semana Santa 2026 Abriremos los d\u00edas 30 de marzo, 31 de marzo y 1 de abril de 17:30-20:30 (s\u00e1bado 4 de abril cerrado) No se hace reserva, es por orden de llegada hasta completar [&hellip;]<\/p>\n","protected":false},"author":1,"featured_media":799,"parent":0,"menu_order":2,"comment_status":"closed","ping_status":"open","template":"","meta":[],"_links":{"self":[{"href":"https:\/\/naturnova.afundacion.org\/portal\/wp-json\/wp\/v2\/pages\/8"}],"collection":[{"href":"https:\/\/naturnova.afundacion.org\/portal\/wp-json\/wp\/v2\/pages"}],"about":[{"href":"https:\/\/naturnova.afundacion.org\/portal\/wp-json\/wp\/v2\/types\/page"}],"author":[{"embeddable":true,"href":"https:\/\/naturnova.afundacion.org\/portal\/wp-json\/wp\/v2\/users\/1"}],"replies":[{"embeddable":true,"href":"https:\/\/naturnova.afundacion.org\/portal\/wp-json\/wp\/v2\/comments?post=8"}],"version-history":[{"count":64,"href":"https:\/\/naturnova.afundacion.org\/portal\/wp-json\/wp\/v2\/pages\/8\/revisions"}],"predecessor-version":[{"id":3399,"href":"https:\/\/naturnova.afundacion.org\/portal\/wp-json\/wp\/v2\/pages\/8\/revisions\/3399"}],"wp:featuredmedia":[{"embeddable":true,"href":"https:\/\/naturnova.afundacion.org\/portal\/wp-json\/wp\/v2\/media\/799"}],"wp:attachment":[{"href":"https:\/\/naturnova.afundacion.org\/portal\/wp-json\/wp\/v2\/media?parent=8"}],"curies":[{"name":"wp","href":"https:\/\/api.w.org\/{rel}","templated":true}]}}