{"id":79,"date":"2008-07-18T08:43:58","date_gmt":"2008-07-18T06:43:58","guid":{"rendered":"http:\/\/www.centrosocialcaixanova.com\/naturnova\/portal\/?page_id=79"},"modified":"2017-11-16T12:45:20","modified_gmt":"2017-11-16T11:45:20","slug":"e-varios","status":"publish","type":"page","link":"https:\/\/naturnova.afundacion.org\/portal\/es\/e-varios\/","title":{"rendered":"Varios"},"content":{"rendered":"<table border=\"0\" cellspacing=\"0\" cellpadding=\"0\" width=\"100%\">\n<tbody>\n<tr>\n<td class=\"sectiontableheader\"><\/td>\n<td class=\"sectiontableheader\" width=\"90%\" height=\"20\"><\/td>\n<td class=\"sectiontableheader\" width=\"30\" height=\"20\" align=\"right\"><\/td>\n<\/tr>\n<tr class=\"sectiontableentry1\">\n<td width=\"100\" height=\"20\" align=\"center\"><\/td>\n<td height=\"20\"><a class=\"category\" href=\"http:\/\/www.enredate.org\/juegos\/\" target=\"_blank\">UNICEF<\/a><br \/>\nCon J U E G O S<\/td>\n<td align=\"center\"><\/td>\n<\/tr>\n<tr class=\"sectiontableentry2\">\n<td width=\"100\" height=\"20\" align=\"center\"><\/td>\n<td height=\"20\"><a class=\"category\" href=\"http:\/\/www.epa.gov\/kids\/\" target=\"_blank\">EPA<\/a><br \/>\nAgencia estadounidense de protecci\u00f3n ambiental. En ingl\u00e9s. Con J U E G O S.<\/td>\n<td align=\"center\"><\/td>\n<\/tr>\n<tr class=\"sectiontableentry1\">\n<td width=\"100\" height=\"20\" align=\"center\"><\/td>\n<td height=\"20\"><a class=\"category\" href=\"http:\/\/www.scientiadigital.com\/\" target=\"_blank\">Biblioteca digital<\/a><br \/>\nVarios temas.<\/td>\n<td align=\"center\"><\/td>\n<\/tr>\n<tr class=\"sectiontableentry2\">\n<td width=\"100\" height=\"20\" align=\"center\"><\/td>\n<td height=\"20\"><a class=\"category\" href=\"http:\/\/www.bbc.co.uk\/schools\/\" target=\"_blank\">BBC<\/a><br \/>\nEn ingl\u00e9s. Para aprender en casa y en la escuela. Con J U E G O S.<\/td>\n<td align=\"center\"><\/td>\n<\/tr>\n<tr class=\"sectiontableentry1\">\n<td width=\"100\" height=\"20\" align=\"center\"><\/td>\n<td height=\"20\"><a class=\"category\" href=\"http:\/\/www.bcn.es\/mediambient\/verdia\/cat\/intro.htm\" target=\"_blank\">Verdia. BCN<\/a><br \/>\nSecci\u00f3n medioambiental de la web del ayuntamiento de Barcelona. En catal\u00e1n. Con J U E G O S.<\/td>\n<td align=\"center\"><\/td>\n<\/tr>\n<\/tbody>\n<\/table>\n","protected":false},"excerpt":{"rendered":"<p>UNICEF Con J U E G O S EPA Agencia estadounidense de protecci\u00f3n ambiental. En ingl\u00e9s. Con J U E G O S. Biblioteca digital Varios temas. BBC En ingl\u00e9s. Para aprender en casa y en la escuela. Con J U E G O S. Verdia. BCN Secci\u00f3n medioambiental de la web del ayuntamiento de [&hellip;]<\/p>\n","protected":false},"author":1,"featured_media":0,"parent":0,"menu_order":0,"comment_status":"closed","ping_status":"open","template":"","meta":[],"_links":{"self":[{"href":"https:\/\/naturnova.afundacion.org\/portal\/wp-json\/wp\/v2\/pages\/79"}],"collection":[{"href":"https:\/\/naturnova.afundacion.org\/portal\/wp-json\/wp\/v2\/pages"}],"about":[{"href":"https:\/\/naturnova.afundacion.org\/portal\/wp-json\/wp\/v2\/types\/page"}],"author":[{"embeddable":true,"href":"https:\/\/naturnova.afundacion.org\/portal\/wp-json\/wp\/v2\/users\/1"}],"replies":[{"embeddable":true,"href":"https:\/\/naturnova.afundacion.org\/portal\/wp-json\/wp\/v2\/comments?post=79"}],"version-history":[{"count":1,"href":"https:\/\/naturnova.afundacion.org\/portal\/wp-json\/wp\/v2\/pages\/79\/revisions"}],"predecessor-version":[{"id":1624,"href":"https:\/\/naturnova.afundacion.org\/portal\/wp-json\/wp\/v2\/pages\/79\/revisions\/1624"}],"wp:attachment":[{"href":"https:\/\/naturnova.afundacion.org\/portal\/wp-json\/wp\/v2\/media?parent=79"}],"curies":[{"name":"wp","href":"https:\/\/api.w.org\/{rel}","templated":true}]}}