{"id":2781,"date":"2026-02-04T12:56:08","date_gmt":"2026-02-04T11:56:08","guid":{"rendered":"https:\/\/naturnova.afundacion.org\/portal\/?page_id=2781"},"modified":"2026-02-04T13:42:39","modified_gmt":"2026-02-04T12:42:39","slug":"mulleres-cientificas","status":"publish","type":"page","link":"https:\/\/naturnova.afundacion.org\/portal\/gl\/mulleres-cientificas\/","title":{"rendered":"Mulleres Cient\u00edficas 2026"},"content":{"rendered":"\n<p>O <strong>11 de febreiro<\/strong> cel\u00e9brase o <strong>D\u00eda Internacional da Muller e a Nena na Ciencia<\/strong>, e en <strong>Naturnova<\/strong> queremos sumarnos a esta conmemoraci\u00f3n dedicando <strong>todo o mes de febreiro<\/strong> a reco\u00f1ecer o traballo e a contribuci\u00f3n de <strong>sete mulleres cient\u00edficas<\/strong> que marcaron a historia cos seus descubrimentos e innovaci\u00f3ns.<\/p>\n\n\n\n<p>Durante este mes, poder\u00e1s <strong>visitar os nosos roll-up informativos<\/strong>, onde co\u00f1ecer\u00e1s a vida e os logros destas mulleres pioneiras.<br>\ud83d\udccd <em>As visitas poden realizarse os s\u00e1bados de 17:30 a 20:30 h.<\/em><\/p>\n\n\n\n<p>Ademais, ofrecemos unha <strong>actividade did\u00e1ctica especial para escolares<\/strong>, dispo\u00f1ible de <strong>martes a venres<\/strong>, pensada para inspirar \u00e1s novas xeraci\u00f3ns e espertar a s\u00faa curiosidade cient\u00edfica. <em>(\u00c9 necesaria reserva previa).<\/em><\/p>\n\n\n\n<p>E iso non \u00e9 todo: o <strong>equipo educativo de Afundaci\u00f3n<\/strong> creou unha <strong>serie de contos ilustrados<\/strong> que resumen de forma amena a vida e os logros destas cient\u00edficas.<\/p>\n\n\n\n<figure class=\"wp-block-image size-large\"><img loading=\"lazy\" width=\"730\" height=\"1024\" src=\"https:\/\/naturnova.afundacion.org\/portal\/wp-content\/uploads\/2026\/02\/ANA-ULLA-WEB--730x1024.jpg\" alt=\"\" class=\"wp-image-3352\" srcset=\"https:\/\/naturnova.afundacion.org\/portal\/wp-content\/uploads\/2026\/02\/ANA-ULLA-WEB--730x1024.jpg 730w, https:\/\/naturnova.afundacion.org\/portal\/wp-content\/uploads\/2026\/02\/ANA-ULLA-WEB--214x300.jpg 214w, https:\/\/naturnova.afundacion.org\/portal\/wp-content\/uploads\/2026\/02\/ANA-ULLA-WEB--768x1077.jpg 768w, https:\/\/naturnova.afundacion.org\/portal\/wp-content\/uploads\/2026\/02\/ANA-ULLA-WEB--1095x1536.jpg 1095w, https:\/\/naturnova.afundacion.org\/portal\/wp-content\/uploads\/2026\/02\/ANA-ULLA-WEB--1460x2048.jpg 1460w, https:\/\/naturnova.afundacion.org\/portal\/wp-content\/uploads\/2026\/02\/ANA-ULLA-WEB-.jpg 1819w\" sizes=\"(max-width: 730px) 100vw, 730px\" \/><\/figure>\n\n\n\n<p><a rel=\"noreferrer noopener\" href=\"https:\/\/naturnova.afundacion.org\/portal\/wp-content\/uploads\/2026\/02\/ANA-ULLA-WEB-CUENTO.jpg\" target=\"_blank\">Conto Ana Ulla. Astrof\u00edsica<\/a><\/p>\n\n\n\n<figure class=\"wp-block-image size-large\"><img loading=\"lazy\" width=\"730\" height=\"1024\" src=\"https:\/\/naturnova.afundacion.org\/portal\/wp-content\/uploads\/2026\/02\/CRISTINA-ROMERO-WEB-730x1024.jpg\" alt=\"\" class=\"wp-image-3354\" srcset=\"https:\/\/naturnova.afundacion.org\/portal\/wp-content\/uploads\/2026\/02\/CRISTINA-ROMERO-WEB-730x1024.jpg 730w, https:\/\/naturnova.afundacion.org\/portal\/wp-content\/uploads\/2026\/02\/CRISTINA-ROMERO-WEB-214x300.jpg 214w, https:\/\/naturnova.afundacion.org\/portal\/wp-content\/uploads\/2026\/02\/CRISTINA-ROMERO-WEB-768x1077.jpg 768w, https:\/\/naturnova.afundacion.org\/portal\/wp-content\/uploads\/2026\/02\/CRISTINA-ROMERO-WEB-1095x1536.jpg 1095w, https:\/\/naturnova.afundacion.org\/portal\/wp-content\/uploads\/2026\/02\/CRISTINA-ROMERO-WEB-1460x2048.jpg 1460w, https:\/\/naturnova.afundacion.org\/portal\/wp-content\/uploads\/2026\/02\/CRISTINA-ROMERO-WEB.jpg 1819w\" sizes=\"(max-width: 730px) 100vw, 730px\" \/><\/figure>\n\n\n\n<p><a rel=\"noreferrer noopener\" href=\"https:\/\/naturnova.afundacion.org\/portal\/wp-content\/uploads\/2026\/02\/CRISTINA-ROMERO-CUENTO-WEB.jpg\" target=\"_blank\">Conto Cristina Romera. Cient\u00edfica mari\u00f1a<\/a><\/p>\n\n\n\n<figure class=\"wp-block-image size-large\"><img loading=\"lazy\" width=\"731\" height=\"1024\" src=\"https:\/\/naturnova.afundacion.org\/portal\/wp-content\/uploads\/2026\/02\/DENI-RAMI\u0301REZ-WEB-731x1024.jpg\" alt=\"\" class=\"wp-image-3356\" srcset=\"https:\/\/naturnova.afundacion.org\/portal\/wp-content\/uploads\/2026\/02\/DENI-RAMI\u0301REZ-WEB-731x1024.jpg 731w, https:\/\/naturnova.afundacion.org\/portal\/wp-content\/uploads\/2026\/02\/DENI-RAMI\u0301REZ-WEB-214x300.jpg 214w, https:\/\/naturnova.afundacion.org\/portal\/wp-content\/uploads\/2026\/02\/DENI-RAMI\u0301REZ-WEB-768x1075.jpg 768w, https:\/\/naturnova.afundacion.org\/portal\/wp-content\/uploads\/2026\/02\/DENI-RAMI\u0301REZ-WEB-1097x1536.jpg 1097w, https:\/\/naturnova.afundacion.org\/portal\/wp-content\/uploads\/2026\/02\/DENI-RAMI\u0301REZ-WEB-1463x2048.jpg 1463w, https:\/\/naturnova.afundacion.org\/portal\/wp-content\/uploads\/2026\/02\/DENI-RAMI\u0301REZ-WEB.jpg 1822w\" sizes=\"(max-width: 731px) 100vw, 731px\" \/><\/figure>\n\n\n\n<p><a rel=\"noreferrer noopener\" href=\"https:\/\/naturnova.afundacion.org\/portal\/wp-content\/uploads\/2026\/02\/DENI-RAMI\u0301REZ-WEB-CUENTO.jpg\" target=\"_blank\">Conto Deni Ramirez. Bi\u00f3loga<\/a><\/p>\n\n\n\n<figure class=\"wp-block-image size-large\"><img loading=\"lazy\" width=\"730\" height=\"1024\" src=\"https:\/\/naturnova.afundacion.org\/portal\/wp-content\/uploads\/2026\/02\/MARY-ANNING-WEB-1-2-730x1024.jpg\" alt=\"\" class=\"wp-image-3393\" srcset=\"https:\/\/naturnova.afundacion.org\/portal\/wp-content\/uploads\/2026\/02\/MARY-ANNING-WEB-1-2-730x1024.jpg 730w, https:\/\/naturnova.afundacion.org\/portal\/wp-content\/uploads\/2026\/02\/MARY-ANNING-WEB-1-2-214x300.jpg 214w, https:\/\/naturnova.afundacion.org\/portal\/wp-content\/uploads\/2026\/02\/MARY-ANNING-WEB-1-2-768x1077.jpg 768w, https:\/\/naturnova.afundacion.org\/portal\/wp-content\/uploads\/2026\/02\/MARY-ANNING-WEB-1-2-1095x1536.jpg 1095w, https:\/\/naturnova.afundacion.org\/portal\/wp-content\/uploads\/2026\/02\/MARY-ANNING-WEB-1-2-1460x2048.jpg 1460w, https:\/\/naturnova.afundacion.org\/portal\/wp-content\/uploads\/2026\/02\/MARY-ANNING-WEB-1-2.jpg 1819w\" sizes=\"(max-width: 730px) 100vw, 730px\" \/><\/figure>\n\n\n\n<p><a rel=\"noreferrer noopener\" href=\"https:\/\/naturnova.afundacion.org\/portal\/wp-content\/uploads\/2026\/02\/MARY-ANNING-CUENTO-WEB.jpg\" target=\"_blank\">Conto Mary Anning. Paleont\u00f3loga<\/a><\/p>\n\n\n\n<figure class=\"wp-block-image size-large\"><img loading=\"lazy\" width=\"730\" height=\"1024\" src=\"https:\/\/naturnova.afundacion.org\/portal\/wp-content\/uploads\/2026\/02\/VERA-RUBI\u0301N-WEB-730x1024.jpg\" alt=\"\" class=\"wp-image-3360\" srcset=\"https:\/\/naturnova.afundacion.org\/portal\/wp-content\/uploads\/2026\/02\/VERA-RUBI\u0301N-WEB-730x1024.jpg 730w, https:\/\/naturnova.afundacion.org\/portal\/wp-content\/uploads\/2026\/02\/VERA-RUBI\u0301N-WEB-214x300.jpg 214w, https:\/\/naturnova.afundacion.org\/portal\/wp-content\/uploads\/2026\/02\/VERA-RUBI\u0301N-WEB-768x1077.jpg 768w, https:\/\/naturnova.afundacion.org\/portal\/wp-content\/uploads\/2026\/02\/VERA-RUBI\u0301N-WEB-1095x1536.jpg 1095w, https:\/\/naturnova.afundacion.org\/portal\/wp-content\/uploads\/2026\/02\/VERA-RUBI\u0301N-WEB-1460x2048.jpg 1460w, https:\/\/naturnova.afundacion.org\/portal\/wp-content\/uploads\/2026\/02\/VERA-RUBI\u0301N-WEB.jpg 1819w\" sizes=\"(max-width: 730px) 100vw, 730px\" \/><\/figure>\n\n\n\n<p><a rel=\"noreferrer noopener\" href=\"https:\/\/naturnova.afundacion.org\/portal\/wp-content\/uploads\/2026\/02\/VERA-RUBI\u0301N-WEB-CUENTO.jpg\" target=\"_blank\">Conto Vera Rub\u00edn. Astr\u00f3noma<\/a><\/p>\n\n\n\n<figure class=\"wp-block-image size-large\"><img loading=\"lazy\" width=\"730\" height=\"1024\" src=\"https:\/\/naturnova.afundacion.org\/portal\/wp-content\/uploads\/2026\/02\/AIDA-FERNANDEZ-WEB--730x1024.jpg\" alt=\"\" class=\"wp-image-3362\" srcset=\"https:\/\/naturnova.afundacion.org\/portal\/wp-content\/uploads\/2026\/02\/AIDA-FERNANDEZ-WEB--730x1024.jpg 730w, https:\/\/naturnova.afundacion.org\/portal\/wp-content\/uploads\/2026\/02\/AIDA-FERNANDEZ-WEB--214x300.jpg 214w, https:\/\/naturnova.afundacion.org\/portal\/wp-content\/uploads\/2026\/02\/AIDA-FERNANDEZ-WEB--768x1077.jpg 768w, https:\/\/naturnova.afundacion.org\/portal\/wp-content\/uploads\/2026\/02\/AIDA-FERNANDEZ-WEB--1095x1536.jpg 1095w, https:\/\/naturnova.afundacion.org\/portal\/wp-content\/uploads\/2026\/02\/AIDA-FERNANDEZ-WEB--1460x2048.jpg 1460w, https:\/\/naturnova.afundacion.org\/portal\/wp-content\/uploads\/2026\/02\/AIDA-FERNANDEZ-WEB-.jpg 1819w\" sizes=\"(max-width: 730px) 100vw, 730px\" \/><\/figure>\n\n\n\n<p><a rel=\"noreferrer noopener\" href=\"https:\/\/naturnova.afundacion.org\/portal\/wp-content\/uploads\/2026\/02\/AIDA-FERNANDEZ-CUENTO-WEB.jpg\" target=\"_blank\">Conto Aida Fern\u00e1ndez. Ocean\u00f3grafa<\/a><\/p>\n\n\n\n<figure class=\"wp-block-image size-large\"><img loading=\"lazy\" width=\"730\" height=\"1024\" src=\"https:\/\/naturnova.afundacion.org\/portal\/wp-content\/uploads\/2026\/02\/FELISA-MARTI\u0301N-WEB-1-730x1024.jpg\" alt=\"\" class=\"wp-image-3366\" srcset=\"https:\/\/naturnova.afundacion.org\/portal\/wp-content\/uploads\/2026\/02\/FELISA-MARTI\u0301N-WEB-1-730x1024.jpg 730w, https:\/\/naturnova.afundacion.org\/portal\/wp-content\/uploads\/2026\/02\/FELISA-MARTI\u0301N-WEB-1-214x300.jpg 214w, https:\/\/naturnova.afundacion.org\/portal\/wp-content\/uploads\/2026\/02\/FELISA-MARTI\u0301N-WEB-1-768x1077.jpg 768w, https:\/\/naturnova.afundacion.org\/portal\/wp-content\/uploads\/2026\/02\/FELISA-MARTI\u0301N-WEB-1-1095x1536.jpg 1095w, https:\/\/naturnova.afundacion.org\/portal\/wp-content\/uploads\/2026\/02\/FELISA-MARTI\u0301N-WEB-1-1460x2048.jpg 1460w, https:\/\/naturnova.afundacion.org\/portal\/wp-content\/uploads\/2026\/02\/FELISA-MARTI\u0301N-WEB-1.jpg 1819w\" sizes=\"(max-width: 730px) 100vw, 730px\" \/><\/figure>\n\n\n\n<p><a rel=\"noreferrer noopener\" href=\"https:\/\/naturnova.afundacion.org\/portal\/wp-content\/uploads\/2026\/02\/FELISA-MARTI\u0301N-CUENTO-WEB.jpg\" target=\"_blank\">Conto Felisa Mart\u00edn. Meteor\u00f3loga<\/a><\/p>\n\n\n\n<p><\/p>\n","protected":false},"excerpt":{"rendered":"<p>O 11 de febreiro cel\u00e9brase o D\u00eda Internacional da Muller e a Nena na Ciencia, e en Naturnova queremos sumarnos a esta conmemoraci\u00f3n dedicando todo o mes de febreiro a reco\u00f1ecer o traballo e a contribuci\u00f3n de sete mulleres cient\u00edficas que marcaron a historia cos seus descubrimentos e innovaci\u00f3ns. Durante este mes, poder\u00e1s visitar os [&hellip;]<\/p>\n","protected":false},"author":1,"featured_media":3352,"parent":0,"menu_order":0,"comment_status":"closed","ping_status":"closed","template":"","meta":[],"_links":{"self":[{"href":"https:\/\/naturnova.afundacion.org\/portal\/wp-json\/wp\/v2\/pages\/2781"}],"collection":[{"href":"https:\/\/naturnova.afundacion.org\/portal\/wp-json\/wp\/v2\/pages"}],"about":[{"href":"https:\/\/naturnova.afundacion.org\/portal\/wp-json\/wp\/v2\/types\/page"}],"author":[{"embeddable":true,"href":"https:\/\/naturnova.afundacion.org\/portal\/wp-json\/wp\/v2\/users\/1"}],"replies":[{"embeddable":true,"href":"https:\/\/naturnova.afundacion.org\/portal\/wp-json\/wp\/v2\/comments?post=2781"}],"version-history":[{"count":6,"href":"https:\/\/naturnova.afundacion.org\/portal\/wp-json\/wp\/v2\/pages\/2781\/revisions"}],"predecessor-version":[{"id":3394,"href":"https:\/\/naturnova.afundacion.org\/portal\/wp-json\/wp\/v2\/pages\/2781\/revisions\/3394"}],"wp:featuredmedia":[{"embeddable":true,"href":"https:\/\/naturnova.afundacion.org\/portal\/wp-json\/wp\/v2\/media\/3352"}],"wp:attachment":[{"href":"https:\/\/naturnova.afundacion.org\/portal\/wp-json\/wp\/v2\/media?parent=2781"}],"curies":[{"name":"wp","href":"https:\/\/api.w.org\/{rel}","templated":true}]}}