{"id":1942,"date":"2017-05-12T14:09:10","date_gmt":"2017-05-12T12:09:10","guid":{"rendered":"http:\/\/naturnova.afundacion.org\/portal\/?page_id=1942"},"modified":"2025-04-25T09:30:24","modified_gmt":"2025-04-25T07:30:24","slug":"o-reto-de-pintafontes","status":"publish","type":"page","link":"https:\/\/naturnova.afundacion.org\/portal\/gl\/o-reto-de-pintafontes\/","title":{"rendered":"Ver\u00e1n 2025"},"content":{"rendered":"\n<h3>\ud83c\udf1e Actividades de ver\u00e1n en Naturnova<\/h3>\n\n\n\n<p>Desde o 23 de xu\u00f1o, agard\u00e1moste con propostas para gozar, aprender e descubrir o medio ambiente dun xeito divertido e diferente. Non o perdas!<\/p>\n\n\n\n<h4>\ud83d\udd52 <strong>Visitas libres para todos os p\u00fablicos<\/strong><\/h4>\n\n\n\n<p>\ud83d\udcc5Venres de xullo (ag\u00e1s festivos)<br>\ud83d\udd5a De 11:00 a 13:30<\/p>\n\n\n\n<p>Explora as s\u00faas tres salas tem\u00e1ticas e aprende de maneira entretida a trav\u00e9s de m\u00f3dulos interactivos dese\u00f1ados para tocar, experimentar e sorprenderte.<\/p>\n\n\n\n<h4>\ud83e\udde9 <strong>Actividade especial para grupos: &#8220;Navega coa ciencia&#8221;<\/strong><\/h4>\n\n\n\n<figure class=\"wp-block-image size-large\"><img loading=\"lazy\" width=\"724\" height=\"1024\" src=\"https:\/\/naturnova.afundacion.org\/portal\/wp-content\/uploads\/2025\/04\/obradoiros-de-veran-naturnova-1_page-0001-724x1024.jpg\" alt=\"\" class=\"wp-image-3277\" srcset=\"https:\/\/naturnova.afundacion.org\/portal\/wp-content\/uploads\/2025\/04\/obradoiros-de-veran-naturnova-1_page-0001-724x1024.jpg 724w, https:\/\/naturnova.afundacion.org\/portal\/wp-content\/uploads\/2025\/04\/obradoiros-de-veran-naturnova-1_page-0001-212x300.jpg 212w, https:\/\/naturnova.afundacion.org\/portal\/wp-content\/uploads\/2025\/04\/obradoiros-de-veran-naturnova-1_page-0001-768x1086.jpg 768w, https:\/\/naturnova.afundacion.org\/portal\/wp-content\/uploads\/2025\/04\/obradoiros-de-veran-naturnova-1_page-0001-1086x1536.jpg 1086w, https:\/\/naturnova.afundacion.org\/portal\/wp-content\/uploads\/2025\/04\/obradoiros-de-veran-naturnova-1_page-0001.jpg 1241w\" sizes=\"(max-width: 724px) 100vw, 724px\" \/><\/figure>\n\n\n\n<p>\ud83d\udcc6 De luns a venres desde o 23 de xu\u00f1o, con reserva previa<\/p>\n\n\n\n<p>Una experiencia pensada para grupos.<\/p>\n\n\n\n<p>Organizados en equipos mixtos, os participantes converteranse en aut\u00e9nticos mari\u00f1eiros. Co seu caderno de bit\u00e1cora na man, percorrer\u00e1n o museo enfront\u00e1ndose a desaf\u00edos, resolvendo enigmas e completando a s\u00faa misi\u00f3n. S\u00f3 quen preste atenci\u00f3n a cada detalle lograr\u00e1 descubrir todos os segredos agochados no percorrido!<\/p>\n\n\n\n<p>Perfecta para ludotecas, campamentos ou centros educativos.<\/p>\n","protected":false},"excerpt":{"rendered":"<p>\ud83c\udf1e Actividades de ver\u00e1n en Naturnova Desde o 23 de xu\u00f1o, agard\u00e1moste con propostas para gozar, aprender e descubrir o medio ambiente dun xeito divertido e diferente. Non o perdas! \ud83d\udd52 Visitas libres para todos os p\u00fablicos \ud83d\udcc5Venres de xullo (ag\u00e1s festivos)\ud83d\udd5a De 11:00 a 13:30 Explora as s\u00faas tres salas tem\u00e1ticas e aprende de [&hellip;]<\/p>\n","protected":false},"author":1,"featured_media":1943,"parent":0,"menu_order":0,"comment_status":"closed","ping_status":"closed","template":"","meta":[],"_links":{"self":[{"href":"https:\/\/naturnova.afundacion.org\/portal\/wp-json\/wp\/v2\/pages\/1942"}],"collection":[{"href":"https:\/\/naturnova.afundacion.org\/portal\/wp-json\/wp\/v2\/pages"}],"about":[{"href":"https:\/\/naturnova.afundacion.org\/portal\/wp-json\/wp\/v2\/types\/page"}],"author":[{"embeddable":true,"href":"https:\/\/naturnova.afundacion.org\/portal\/wp-json\/wp\/v2\/users\/1"}],"replies":[{"embeddable":true,"href":"https:\/\/naturnova.afundacion.org\/portal\/wp-json\/wp\/v2\/comments?post=1942"}],"version-history":[{"count":21,"href":"https:\/\/naturnova.afundacion.org\/portal\/wp-json\/wp\/v2\/pages\/1942\/revisions"}],"predecessor-version":[{"id":3283,"href":"https:\/\/naturnova.afundacion.org\/portal\/wp-json\/wp\/v2\/pages\/1942\/revisions\/3283"}],"wp:featuredmedia":[{"embeddable":true,"href":"https:\/\/naturnova.afundacion.org\/portal\/wp-json\/wp\/v2\/media\/1943"}],"wp:attachment":[{"href":"https:\/\/naturnova.afundacion.org\/portal\/wp-json\/wp\/v2\/media?parent=1942"}],"curies":[{"name":"wp","href":"https:\/\/api.w.org\/{rel}","templated":true}]}}