{"id":19,"date":"2008-07-16T10:58:54","date_gmt":"2008-07-16T08:58:54","guid":{"rendered":"http:\/\/www.centrosocialcaixanova.com\/naturnova\/portal\/?page_id=19"},"modified":"2017-11-22T08:30:12","modified_gmt":"2017-11-22T07:30:12","slug":"para-saber-mas","status":"publish","type":"page","link":"https:\/\/naturnova.afundacion.org\/portal\/es\/para-saber-mas\/","title":{"rendered":"Para saber m\u00e1s"},"content":{"rendered":"<p>Selecciona el tema que m\u00e1s te interese de esta lista y escoge el sitio Web que quieres visitar.<\/p>\n<ul>\n<li><a href=\"https:\/\/naturnova.afundacion.org\/portal\/?page_id=78\" target=\"_self\"> Instituciones, organizaciones y museos <\/a> <span class=\"small\"> (9) <\/span><\/li>\n<li><a href=\"https:\/\/naturnova.afundacion.org\/portal\/?page_id=79\" target=\"_self\"> Varios <\/a> <span class=\"small\"> (5) <\/span><\/li>\n<li><a href=\"https:\/\/naturnova.afundacion.org\/portal\/?page_id=80\" target=\"_self\"> Medio marino <\/a> <span class=\"small\"> (8) <\/span><\/li>\n<li><a href=\"https:\/\/naturnova.afundacion.org\/portal\/?page_id=81\" target=\"_self\"> Universo, galaxias y Sistema Solar <\/a> <span class=\"small\"> (5) <\/span><\/li>\n<li><a href=\"https:\/\/naturnova.afundacion.org\/portal\/?page_id=82\" target=\"_self\"> Historia de la vida en la Tierra <\/a> <span class=\"small\"> (2) <\/span><\/li>\n<li><a href=\"https:\/\/naturnova.afundacion.org\/portal\/?page_id=83\" target=\"_self\"> Atm\u00f3sfera <\/a> <span class=\"small\"> (1) <\/span><\/li>\n<li><a href=\"https:\/\/naturnova.afundacion.org\/portal\/?page_id=85\" target=\"_self\"> Meteorolog\u00eda y Meteosat <\/a> <span class=\"small\"> (2) <\/span><\/li>\n<li><a href=\"https:\/\/naturnova.afundacion.org\/portal\/?page_id=86\" target=\"_self\"> Hidrosfera <\/a> <span class=\"small\"> (1) <\/span><\/li>\n<li><a href=\"https:\/\/naturnova.afundacion.org\/portal\/?page_id=87\" target=\"_self\"> Geolog\u00eda <\/a> <span class=\"small\"> (3) <\/span><\/li>\n<li><a href=\"https:\/\/naturnova.afundacion.org\/portal\/?page_id=89\" target=\"_self\"> Suelos <\/a> <span class=\"small\"> (1) <\/span><\/li>\n<li><a href=\"https:\/\/naturnova.afundacion.org\/portal\/?page_id=90\" target=\"_self\"> Ecosistemas <\/a> <span class=\"small\"> (3) <\/span><\/li>\n<li><a href=\"https:\/\/naturnova.afundacion.org\/portal\/?page_id=95\" target=\"_self\"> Seres vivos <\/a> <span class=\"small\"> (3) <\/span><\/li>\n<li><a href=\"https:\/\/naturnova.afundacion.org\/portal\/?page_id=96\" target=\"_self\"> Biodiversidad <\/a> <span class=\"small\"> (4) <\/span><\/li>\n<li><a href=\"https:\/\/naturnova.afundacion.org\/portal\/?page_id=97\" target=\"_self\"> Recursos <\/a> <span class=\"small\"> (1) <\/span><\/li>\n<li><a href=\"https:\/\/naturnova.afundacion.org\/portal\/?page_id=99\" target=\"_self\"> Impacto y contaminaci\u00f3n <\/a> <span class=\"small\"> (1) <\/span><\/li>\n<li><a href=\"https:\/\/naturnova.afundacion.org\/portal\/?page_id=100\" target=\"_self\"> Extinciones <\/a> <span class=\"small\"> (1) <\/span><\/li>\n<li><a href=\"https:\/\/naturnova.afundacion.org\/portal\/?page_id=101\" target=\"_self\"> Residuos <\/a> <span class=\"small\"> (1) <\/span><\/li>\n<li><a href=\"https:\/\/naturnova.afundacion.org\/portal\/?page_id=102\" target=\"_self\"> Reciclaje <\/a> <span class=\"small\"> (1) <\/span><\/li>\n<li><a href=\"https:\/\/naturnova.afundacion.org\/portal\/?page_id=94\" target=\"_self\">Revistas <\/a> <span class=\"small\"> (1)<\/span><\/li>\n<\/ul>\n","protected":false},"excerpt":{"rendered":"<p>Selecciona el tema que m\u00e1s te interese de esta lista y escoge el sitio Web que quieres visitar. Instituciones, organizaciones y museos (9) Varios (5) Medio marino (8) Universo, galaxias y Sistema Solar (5) Historia de la vida en la Tierra (2) Atm\u00f3sfera (1) Meteorolog\u00eda y Meteosat (2) Hidrosfera (1) Geolog\u00eda (3) Suelos (1) Ecosistemas [&hellip;]<\/p>\n","protected":false},"author":1,"featured_media":2301,"parent":0,"menu_order":0,"comment_status":"closed","ping_status":"closed","template":"","meta":[],"_links":{"self":[{"href":"https:\/\/naturnova.afundacion.org\/portal\/wp-json\/wp\/v2\/pages\/19"}],"collection":[{"href":"https:\/\/naturnova.afundacion.org\/portal\/wp-json\/wp\/v2\/pages"}],"about":[{"href":"https:\/\/naturnova.afundacion.org\/portal\/wp-json\/wp\/v2\/types\/page"}],"author":[{"embeddable":true,"href":"https:\/\/naturnova.afundacion.org\/portal\/wp-json\/wp\/v2\/users\/1"}],"replies":[{"embeddable":true,"href":"https:\/\/naturnova.afundacion.org\/portal\/wp-json\/wp\/v2\/comments?post=19"}],"version-history":[{"count":13,"href":"https:\/\/naturnova.afundacion.org\/portal\/wp-json\/wp\/v2\/pages\/19\/revisions"}],"predecessor-version":[{"id":1511,"href":"https:\/\/naturnova.afundacion.org\/portal\/wp-json\/wp\/v2\/pages\/19\/revisions\/1511"}],"wp:featuredmedia":[{"embeddable":true,"href":"https:\/\/naturnova.afundacion.org\/portal\/wp-json\/wp\/v2\/media\/2301"}],"wp:attachment":[{"href":"https:\/\/naturnova.afundacion.org\/portal\/wp-json\/wp\/v2\/media?parent=19"}],"curies":[{"name":"wp","href":"https:\/\/api.w.org\/{rel}","templated":true}]}}