{"id":1766,"date":"2017-05-11T09:33:06","date_gmt":"2017-05-11T07:33:06","guid":{"rendered":"http:\/\/naturnova.afundacion.org\/portal\/?page_id=1766"},"modified":"2017-11-16T12:45:18","modified_gmt":"2017-11-16T11:45:18","slug":"reciclaxe","status":"publish","type":"page","link":"https:\/\/naturnova.afundacion.org\/portal\/gl\/reciclaxe\/","title":{"rendered":"Reciclaxe"},"content":{"rendered":"<p style=\"text-align: center;\"><em>A reciclaxe \u00e9, xunto coa reutilizaci\u00f3n e a reduci\u00f3n, a clave para reducir o noso consumo de recursos. Se queres saber m\u00e1is sobre como debes reciclar e outros trucos para axudar ao ambiente segue os ligaz\u00f3ns de abaixo. Tes ata un xogo!\u00a0<\/em><em>A\u00a0reciclaxe \u00e9 un tema tratado na\u00a0<strong>Sala III\u00a0<\/strong>de Naturnova.<\/em><\/p>\n<p style=\"text-align: center;\"><span style=\"color: #ff6600;\"><strong>XOGO:\u00a0<a href=\"http:\/\/naturnova.obrasocialncg.com\/images\/naturnova_documento_vf.pdf\">Fai os teus equipos, e xoga limpo!!<\/a><\/strong><\/span><\/p>\n<h5 style=\"text-align: left;\">Ligaz\u00f3ns<\/h5>\n<table border=\"0\" width=\"100%\" cellspacing=\"0\" cellpadding=\"0\">\n<tbody>\n<tr class=\"sectiontableentry1\">\n<td align=\"center\" width=\"100\" height=\"20\"><\/td>\n<td height=\"20\"><a class=\"category\" href=\"http:\/\/www.redcicla.com\/\" target=\"_blank\" rel=\"noopener noreferrer\">Xesti\u00f3n ambiental<\/a><br \/>\nEducaci\u00f3n ambiental, lexislaci\u00f3n, reciclaxe, puntos limpos de recollida&#8230;<\/td>\n<\/tr>\n<\/tbody>\n<\/table>\n<p>&nbsp;<\/p>\n<ul>\n<li><strong>Cr\u00e9ditos<\/strong>: A imaxe da portada desta entrada \u00e9 unha ilustraci\u00f3n orixinal de\u00a0&#8220;O Bicheiro&#8221; Davila no 2013. Compartido con licenza <a href=\"http:\/\/creativecommons.org\/licenses\/by-nc-sa\/3.0\/\">Creative Commons<\/a>.<\/li>\n<\/ul>\n","protected":false},"excerpt":{"rendered":"<p>A reciclaxe \u00e9, xunto coa reutilizaci\u00f3n e a reduci\u00f3n, a clave para reducir o noso consumo de recursos. Se queres saber m\u00e1is sobre como debes reciclar e outros trucos para axudar ao ambiente segue os ligaz\u00f3ns de abaixo. Tes ata un xogo!\u00a0A\u00a0reciclaxe \u00e9 un tema tratado na\u00a0Sala III\u00a0de Naturnova. XOGO:\u00a0Fai os teus equipos, e xoga [&hellip;]<\/p>\n","protected":false},"author":1,"featured_media":0,"parent":0,"menu_order":0,"comment_status":"closed","ping_status":"open","template":"","meta":[],"_links":{"self":[{"href":"https:\/\/naturnova.afundacion.org\/portal\/wp-json\/wp\/v2\/pages\/1766"}],"collection":[{"href":"https:\/\/naturnova.afundacion.org\/portal\/wp-json\/wp\/v2\/pages"}],"about":[{"href":"https:\/\/naturnova.afundacion.org\/portal\/wp-json\/wp\/v2\/types\/page"}],"author":[{"embeddable":true,"href":"https:\/\/naturnova.afundacion.org\/portal\/wp-json\/wp\/v2\/users\/1"}],"replies":[{"embeddable":true,"href":"https:\/\/naturnova.afundacion.org\/portal\/wp-json\/wp\/v2\/comments?post=1766"}],"version-history":[{"count":3,"href":"https:\/\/naturnova.afundacion.org\/portal\/wp-json\/wp\/v2\/pages\/1766\/revisions"}],"predecessor-version":[{"id":1972,"href":"https:\/\/naturnova.afundacion.org\/portal\/wp-json\/wp\/v2\/pages\/1766\/revisions\/1972"}],"wp:attachment":[{"href":"https:\/\/naturnova.afundacion.org\/portal\/wp-json\/wp\/v2\/media?parent=1766"}],"curies":[{"name":"wp","href":"https:\/\/api.w.org\/{rel}","templated":true}]}}