{"id":1763,"date":"2017-05-11T09:09:15","date_gmt":"2017-05-11T07:09:15","guid":{"rendered":"http:\/\/naturnova.afundacion.org\/portal\/?page_id=1763"},"modified":"2017-11-16T12:45:17","modified_gmt":"2017-11-16T11:45:17","slug":"medio-marino-2","status":"publish","type":"page","link":"https:\/\/naturnova.afundacion.org\/portal\/gl\/medio-marino-2\/","title":{"rendered":"Medio mari\u00f1o"},"content":{"rendered":"<table style=\"height: 217px;\" border=\"0\" width=\"689\" cellspacing=\"0\" cellpadding=\"0\">\n<tbody>\n<tr>\n<td class=\"sectiontableheader\"><\/td>\n<td class=\"sectiontableheader\" width=\"90%\" height=\"20\"><\/td>\n<td class=\"sectiontableheader\" align=\"right\" width=\"30\" height=\"20\"><\/td>\n<\/tr>\n<tr class=\"sectiontableentry1\">\n<td align=\"center\" width=\"100\" height=\"20\"><\/td>\n<td height=\"20\"><a class=\"category\" href=\"http:\/\/www.mapa.es\/es\/pesca\/infopesca.htm\" target=\"_blank\" rel=\"noopener noreferrer\">Ministerio de Agricultura Pesca e Alimentaci\u00f3n<\/a><\/td>\n<td align=\"center\"><\/td>\n<\/tr>\n<tr class=\"sectiontableentry2\">\n<td align=\"center\" width=\"100\" height=\"20\"><\/td>\n<td height=\"20\"><a href=\"https:\/\/www.youtube.com\/watch?v=cEgPKmN1H00\" target=\"_blank\" rel=\"noopener noreferrer\">Mareas Vermellas<\/a><br \/>\nDocumental sobre Mareas\u00a0Vermellas<\/td>\n<td align=\"center\"><\/td>\n<\/tr>\n<tr class=\"sectiontableentry1\">\n<td align=\"center\" width=\"100\" height=\"20\"><\/td>\n<td height=\"20\"><a href=\"http:\/\/www.un.org\/sustainabledevelopment\/es\/wp-content\/uploads\/sites\/3\/2016\/10\/14_Spanish_Why_it_Matters.pdf\" target=\"_blank\" rel=\"noopener noreferrer\">Vida submarina. Por qu\u00e9 \u00e9 importante?<\/a><\/td>\n<td align=\"center\"><\/td>\n<\/tr>\n<tr class=\"sectiontableentry2\">\n<td align=\"center\" width=\"100\" height=\"20\"><\/td>\n<td height=\"20\"><a class=\"category\" href=\"http:\/\/www.cyhaus.com\/marine\/marine.htm\" target=\"_blank\" rel=\"noopener noreferrer\">Vida mari\u00f1a<\/a><br \/>\nEn ingl\u00e9s.<\/td>\n<td align=\"center\"><\/td>\n<\/tr>\n<tr class=\"sectiontableentry1\">\n<td align=\"center\" width=\"100\" height=\"20\"><\/td>\n<td height=\"20\"><a class=\"category\" href=\"http:\/\/www.intecmar.org\/\" target=\"_blank\" rel=\"noopener noreferrer\">INTECMAR<\/a><br \/>\nInstituto Tecnol\u00f3xico para o Control do Medio Mari\u00f1o de Galicia.<\/td>\n<td align=\"center\"><\/td>\n<\/tr>\n<tr class=\"sectiontableentry2\">\n<td align=\"center\" width=\"100\" height=\"20\"><\/td>\n<td height=\"20\"><a class=\"category\" href=\"http:\/\/www.marenostrum.org\/\" target=\"_blank\" rel=\"noopener noreferrer\">Mare Nostrum<\/a><br \/>\nVida mari\u00f1a, Mergullo, Viaxes, Acuicultura, curiosidades, etc.<\/td>\n<td align=\"center\"><\/td>\n<\/tr>\n<tr class=\"sectiontableentry1\">\n<td align=\"center\" width=\"100\" height=\"20\"><\/td>\n<td height=\"20\"><a class=\"category\" href=\"http:\/\/oceanservice.noaa.gov\/\" target=\"_blank\" rel=\"noopener noreferrer\">NOAA\\&#8217;S<\/a><br \/>\nNational Ocean Service. En ingl\u00e9s.<\/td>\n<td align=\"center\"><\/td>\n<\/tr>\n<tr class=\"sectiontableentry1\">\n<td align=\"center\" width=\"100\" height=\"20\"><\/td>\n<td height=\"20\"><a href=\"http:\/\/www.ocearch.org\/\" target=\"_blank\" rel=\"noopener noreferrer\">OCEARCH<\/a><br style=\"color: #000000;\" \/>Rastrexador de\u00a0quenllas e tibur\u00f3ns<\/td>\n<\/tr>\n<\/tbody>\n<\/table>\n","protected":false},"excerpt":{"rendered":"<p>Ministerio de Agricultura Pesca e Alimentaci\u00f3n Mareas Vermellas Documental sobre Mareas\u00a0Vermellas Vida submarina. Por qu\u00e9 \u00e9 importante? Vida mari\u00f1a En ingl\u00e9s. INTECMAR Instituto Tecnol\u00f3xico para o Control do Medio Mari\u00f1o de Galicia. Mare Nostrum Vida mari\u00f1a, Mergullo, Viaxes, Acuicultura, curiosidades, etc. NOAA\\&#8217;S National Ocean Service. En ingl\u00e9s. OCEARCHRastrexador de\u00a0quenllas e tibur\u00f3ns<\/p>\n","protected":false},"author":1,"featured_media":0,"parent":0,"menu_order":0,"comment_status":"closed","ping_status":"open","template":"","meta":[],"_links":{"self":[{"href":"https:\/\/naturnova.afundacion.org\/portal\/wp-json\/wp\/v2\/pages\/1763"}],"collection":[{"href":"https:\/\/naturnova.afundacion.org\/portal\/wp-json\/wp\/v2\/pages"}],"about":[{"href":"https:\/\/naturnova.afundacion.org\/portal\/wp-json\/wp\/v2\/types\/page"}],"author":[{"embeddable":true,"href":"https:\/\/naturnova.afundacion.org\/portal\/wp-json\/wp\/v2\/users\/1"}],"replies":[{"embeddable":true,"href":"https:\/\/naturnova.afundacion.org\/portal\/wp-json\/wp\/v2\/comments?post=1763"}],"version-history":[{"count":1,"href":"https:\/\/naturnova.afundacion.org\/portal\/wp-json\/wp\/v2\/pages\/1763\/revisions"}],"predecessor-version":[{"id":1764,"href":"https:\/\/naturnova.afundacion.org\/portal\/wp-json\/wp\/v2\/pages\/1763\/revisions\/1764"}],"wp:attachment":[{"href":"https:\/\/naturnova.afundacion.org\/portal\/wp-json\/wp\/v2\/media?parent=1763"}],"curies":[{"name":"wp","href":"https:\/\/api.w.org\/{rel}","templated":true}]}}