{"id":1727,"date":"2017-05-11T08:45:27","date_gmt":"2017-05-11T06:45:27","guid":{"rendered":"http:\/\/naturnova.afundacion.org\/portal\/?page_id=1727"},"modified":"2017-11-16T12:50:12","modified_gmt":"2017-11-16T11:50:12","slug":"para-saber-mais","status":"publish","type":"page","link":"https:\/\/naturnova.afundacion.org\/portal\/gl\/para-saber-mais\/","title":{"rendered":"Para saber m\u00e1is"},"content":{"rendered":"<p>Selecciona o tema que m\u00e1is che interese desta lista e escolle o sitio Web que queres visitar:<\/p>\n<ul>\n<li><a href=\"https:\/\/naturnova.afundacion.org\/portal\/?page_id=78\" target=\"_self\">Instituci\u00f3ns, organizaci\u00f3ns e museos <\/a><span class=\"small\">(9)<\/span><\/li>\n<li><a href=\"https:\/\/naturnova.afundacion.org\/portal\/?page_id=79\" target=\"_self\">Varios <\/a><span class=\"small\">(5)<\/span><\/li>\n<li><a href=\"https:\/\/naturnova.afundacion.org\/portal\/?page_id=80\" target=\"_self\">Medio mari\u00f1o <\/a><span class=\"small\">(8)<\/span><\/li>\n<li><a href=\"https:\/\/naturnova.afundacion.org\/portal\/?page_id=81\" target=\"_self\">Universo, galaxias e Sistema Solar <\/a><span class=\"small\">(5)<\/span><\/li>\n<li><a href=\"https:\/\/naturnova.afundacion.org\/portal\/?page_id=82\" target=\"_self\">Historia da vida na Terra <\/a><span class=\"small\">(2)<\/span><\/li>\n<li><a href=\"https:\/\/naturnova.afundacion.org\/portal\/?page_id=83\" target=\"_self\">Atmosfera <\/a><span class=\"small\">(1)<\/span><\/li>\n<li><a href=\"https:\/\/naturnova.afundacion.org\/portal\/?page_id=85\" target=\"_self\">Meteorolox\u00eda e Meteosat <\/a><span class=\"small\">(2)<\/span><\/li>\n<li><a href=\"https:\/\/naturnova.afundacion.org\/portal\/?page_id=86\" target=\"_self\">Hidrosfera <\/a><span class=\"small\">(1)<\/span><\/li>\n<li><a href=\"https:\/\/naturnova.afundacion.org\/portal\/?page_id=87\">Xeolox\u00eda<\/a> <span class=\"small\">(3)<\/span><\/li>\n<li><a href=\"https:\/\/naturnova.afundacion.org\/portal\/?page_id=89\" target=\"_self\">Solos <\/a><span class=\"small\">(1)<\/span><\/li>\n<li><a href=\"https:\/\/naturnova.afundacion.org\/portal\/?page_id=90\" target=\"_self\">Ecosistemas <\/a><span class=\"small\">(3)<\/span><\/li>\n<li><a href=\"https:\/\/naturnova.afundacion.org\/portal\/?page_id=95\" target=\"_self\">Seres vivos <\/a><span class=\"small\">(3)<\/span><\/li>\n<li><a href=\"https:\/\/naturnova.afundacion.org\/portal\/?page_id=96\" target=\"_self\">Biodiversidade\u00a0<\/a><span class=\"small\">(4)<\/span><\/li>\n<li><a href=\"https:\/\/naturnova.afundacion.org\/portal\/?page_id=97\" target=\"_self\">Recursos <\/a><span class=\"small\">(1)<\/span><\/li>\n<li><a href=\"https:\/\/naturnova.afundacion.org\/portal\/?page_id=99\" target=\"_self\">Impacto e contaminaci\u00f3n <\/a><span class=\"small\">(1)<\/span><\/li>\n<li><a href=\"https:\/\/naturnova.afundacion.org\/portal\/?page_id=100\" target=\"_self\">Extinci\u00f3ns <\/a><span class=\"small\">(1)<\/span><\/li>\n<li><a href=\"https:\/\/naturnova.afundacion.org\/portal\/?page_id=101\" target=\"_self\">Residuos <\/a><span class=\"small\">(1)<\/span><\/li>\n<li><a href=\"https:\/\/naturnova.afundacion.org\/portal\/?page_id=102\" target=\"_self\">Reciclaxe <\/a><span class=\"small\">(1)<\/span><\/li>\n<li><a href=\"https:\/\/naturnova.afundacion.org\/portal\/?page_id=94\" target=\"_self\">Revistas <\/a><span class=\"small\">(1)<\/span><\/li>\n<\/ul>\n","protected":false},"excerpt":{"rendered":"<p>Selecciona o tema que m\u00e1is che interese desta lista e escolle o sitio Web que queres visitar: Instituci\u00f3ns, organizaci\u00f3ns e museos (9) Varios (5) Medio mari\u00f1o (8) Universo, galaxias e Sistema Solar (5) Historia da vida na Terra (2) Atmosfera (1) Meteorolox\u00eda e Meteosat (2) Hidrosfera (1) Xeolox\u00eda (3) Solos (1) Ecosistemas (3) Seres vivos [&hellip;]<\/p>\n","protected":false},"author":1,"featured_media":2301,"parent":0,"menu_order":0,"comment_status":"closed","ping_status":"closed","template":"","meta":[],"_links":{"self":[{"href":"https:\/\/naturnova.afundacion.org\/portal\/wp-json\/wp\/v2\/pages\/1727"}],"collection":[{"href":"https:\/\/naturnova.afundacion.org\/portal\/wp-json\/wp\/v2\/pages"}],"about":[{"href":"https:\/\/naturnova.afundacion.org\/portal\/wp-json\/wp\/v2\/types\/page"}],"author":[{"embeddable":true,"href":"https:\/\/naturnova.afundacion.org\/portal\/wp-json\/wp\/v2\/users\/1"}],"replies":[{"embeddable":true,"href":"https:\/\/naturnova.afundacion.org\/portal\/wp-json\/wp\/v2\/comments?post=1727"}],"version-history":[{"count":4,"href":"https:\/\/naturnova.afundacion.org\/portal\/wp-json\/wp\/v2\/pages\/1727\/revisions"}],"predecessor-version":[{"id":2326,"href":"https:\/\/naturnova.afundacion.org\/portal\/wp-json\/wp\/v2\/pages\/1727\/revisions\/2326"}],"wp:featuredmedia":[{"embeddable":true,"href":"https:\/\/naturnova.afundacion.org\/portal\/wp-json\/wp\/v2\/media\/2301"}],"wp:attachment":[{"href":"https:\/\/naturnova.afundacion.org\/portal\/wp-json\/wp\/v2\/media?parent=1727"}],"curies":[{"name":"wp","href":"https:\/\/api.w.org\/{rel}","templated":true}]}}