{"id":1716,"date":"2017-05-10T19:17:08","date_gmt":"2017-05-10T17:17:08","guid":{"rendered":"http:\/\/naturnova.afundacion.org\/portal\/?page_id=1716"},"modified":"2022-04-07T08:15:36","modified_gmt":"2022-04-07T06:15:36","slug":"material-didactico-2","status":"publish","type":"page","link":"https:\/\/naturnova.afundacion.org\/portal\/gl\/material-didactico-2\/","title":{"rendered":"Material did\u00e1ctico online"},"content":{"rendered":"<p>Existen\u00a0<strong>unidades did\u00e1cticas<\/strong>\u00a0que os alumnos poder\u00e1n\u00a0traballar na clase ou na casa. Estes son alg\u00fan dos contidos para o curso 2020\/2021.<\/p>\n<p>Podes acceder a <a href=\"https:\/\/my.matterport.com\/show\/?m=noW5fUyDfaR&amp;st=7000\" target=\"_blank\" rel=\"noopener noreferrer\"><strong><span style=\"color: #3366ff;\">Visita virtual<\/span><\/strong><\/a>\u00a0do nos centro<\/p>\n<ul>\n<li><strong>Infantil<\/strong>\n<ul>\n<li>As estaci\u00f3ns do ano\n<ul>\n<li>Outono. <a href=\"https:\/\/naturnova.afundacion.org\/portal\/wp-content\/uploads\/2020\/09\/Estaci\u00f3ns-do-ano.-Outono.pdf\" target=\"_blank\" rel=\"noopener noreferrer\">Documentaci\u00f3n.<\/a> <a href=\"https:\/\/naturnova.afundacion.org\/portal\/wp-content\/uploads\/2020\/10\/Oto\u00f1o.pdf\" target=\"_blank\" rel=\"noopener noreferrer\">Xogo de Adivi\u00f1a<\/a><\/li>\n<li>Inverno. <a href=\"https:\/\/naturnova.afundacion.org\/portal\/wp-content\/uploads\/2020\/09\/Estacions-ano-Inverno.pdf\" target=\"_blank\" rel=\"noopener noreferrer\">Documentaci\u00f3n<\/a>.\u00a0<a href=\"https:\/\/naturnova.afundacion.org\/portal\/wp-content\/uploads\/2020\/10\/Invierno.pdf\" target=\"_blank\" rel=\"noopener noreferrer\">Xogo de Adivi\u00f1a<\/a><\/li>\n<li>Primaveira. <a href=\"https:\/\/naturnova.afundacion.org\/portal\/wp-content\/uploads\/2020\/09\/Estaciones-a\u00f1o-Primaveira.pdf\" target=\"_blank\" rel=\"noopener noreferrer\">Documentaci\u00f3n<\/a>.\u00a0<a href=\"https:\/\/naturnova.afundacion.org\/portal\/wp-content\/uploads\/2020\/10\/Primavera.pdf\" target=\"_blank\" rel=\"noopener noreferrer\">Xogo de Adivi\u00f1a<\/a><\/li>\n<li>Ver\u00e1n. <a href=\"https:\/\/naturnova.afundacion.org\/portal\/wp-content\/uploads\/2020\/09\/Estaciones-a\u00f1o-Veran.pdf\" target=\"_blank\" rel=\"noopener noreferrer\">Documentaci\u00f3n.<\/a> <a href=\"https:\/\/naturnova.afundacion.org\/portal\/wp-content\/uploads\/2020\/10\/Verano.pdf\" target=\"_blank\" rel=\"noopener noreferrer\">Xogo de Adivi\u00f1a<\/a><\/li>\n<\/ul>\n<\/li>\n<\/ul>\n<\/li>\n<li><strong>1\u00ba e 2\u00ba de primaria<\/strong>\n<ul>\n<li>Experimento sinxelo sobre a creaci\u00f3n de choiva. <a href=\"https:\/\/www.youtube.com\/watch?v=VE0RCoJ22s0&amp;t=18s\">Video<\/a><\/li>\n<\/ul>\n<\/li>\n<li><strong>3\u00ba e 4\u00ba de primaria<\/strong>\n<ul>\n<li>Experimento Contaminaci\u00f3n atmosf\u00e9rica e chova \u00e1ceda. <a href=\"https:\/\/www.youtube.com\/watch?v=WFTjyMiSzRU&amp;t=63s\">Video\u00a0<\/a><\/li>\n<li>Experimento efecto Marangoni. <a href=\"https:\/\/www.youtube.com\/watch?v=Lvh6uV5oaQc&amp;t=119s\">Video<\/a><\/li>\n<\/ul>\n<\/li>\n<li><strong>5\u00ba e 6\u00ba de primaria<\/strong>\n<ul>\n<li>Experimento correntes mari\u00f1as. <a href=\"https:\/\/www.youtube.com\/watch?v=lp-g4Pffo78&amp;t=5s\">Video<\/a><\/li>\n<li>Documento sobre a separaci\u00f3n selectiva de liso para a reciclaxe. <a href=\"https:\/\/naturnova.afundacion.org\/portal\/wp-content\/uploads\/2020\/08\/Naturnova-reciclaje.pdf\" target=\"_blank\" rel=\"noopener noreferrer\">&#8220;Fai os teus equipos e xoga limpo!&#8221;<\/a><\/li>\n<\/ul>\n<\/li>\n<li><strong>1\u00ba,2\u00ba, 3\u00ba y 4\u00ba ESO. Bachillerato<\/strong>\n<ul>\n<li>Charla divulgativa sobre o cogombro de mar por parte da bi\u00f3loga Tania Ballesteros Otero.\n<ul>\n<li>Cogombro de Mar. Cal \u00e9 o seu papel no oc\u00e9ano? <a href=\"https:\/\/www.youtube.com\/watch?v=ezCSPmte2Zo&amp;t=205s\">Video<\/a> <a href=\"https:\/\/naturnova.afundacion.org\/portal\/wp-content\/uploads\/2020\/08\/Cogombros-galego.jpg\">l\u00e1mina<\/a><\/li>\n<\/ul>\n<\/li>\n<li>Charla divulgativa sobre Bacterias por parte de Andrea Muras <a href=\"https:\/\/www.crowdcast.io\/e\/falamos-de-ciencia?utm_source=profile&amp;utm_medium=profile_web&amp;utm_campaign=profile\" target=\"_blank\" rel=\"noopener noreferrer\">Video<\/a><\/li>\n<li>Charla divulgativa sobre o fitoplancton por Luis Paulo Alcaraz. <a href=\"https:\/\/www.afundacion.org\/es\/afundaciontv\/recurso\/el-papel-del-fitoplancton-en-el-cambio-climtico-por-luis-paulo-alcaraz\" target=\"_blank\" rel=\"noopener noreferrer\">Video<\/a><\/li>\n<li><strong>NOVO<\/strong>: Charla divulgativa sobre Cambio Clim\u00e1tico por <strong>CRESPO. (QuatumFracture)<\/strong>. <a href=\"https:\/\/www.youtube.com\/watch?v=TqD2F6HIHUo&amp;t=604s\" target=\"_blank\" rel=\"noopener noreferrer\">Video<\/a><\/li>\n<li><strong>NOVO<\/strong>: Charla divulgativa sobre&#8221;La qu\u00edmica al auxilio de los oc\u00e9anos&#8221; por <strong>D\u00e9rborah Garc\u00eda Bello<\/strong>. <a href=\"https:\/\/www.youtube.com\/watch?v=G9-gTlqMBso\" target=\"_blank\" rel=\"noopener noreferrer\">Video<\/a><\/li>\n<\/ul>\n<\/li>\n<\/ul>\n","protected":false},"excerpt":{"rendered":"<p>Existen\u00a0unidades did\u00e1cticas\u00a0que os alumnos poder\u00e1n\u00a0traballar na clase ou na casa. Estes son alg\u00fan dos contidos para o curso 2020\/2021. Podes acceder a Visita virtual\u00a0do nos centro Infantil As estaci\u00f3ns do ano Outono. Documentaci\u00f3n. Xogo de Adivi\u00f1a Inverno. Documentaci\u00f3n.\u00a0Xogo de Adivi\u00f1a Primaveira. Documentaci\u00f3n.\u00a0Xogo de Adivi\u00f1a Ver\u00e1n. Documentaci\u00f3n. Xogo de Adivi\u00f1a 1\u00ba e 2\u00ba de primaria Experimento [&hellip;]<\/p>\n","protected":false},"author":1,"featured_media":2297,"parent":0,"menu_order":4,"comment_status":"closed","ping_status":"open","template":"","meta":[],"_links":{"self":[{"href":"https:\/\/naturnova.afundacion.org\/portal\/wp-json\/wp\/v2\/pages\/1716"}],"collection":[{"href":"https:\/\/naturnova.afundacion.org\/portal\/wp-json\/wp\/v2\/pages"}],"about":[{"href":"https:\/\/naturnova.afundacion.org\/portal\/wp-json\/wp\/v2\/types\/page"}],"author":[{"embeddable":true,"href":"https:\/\/naturnova.afundacion.org\/portal\/wp-json\/wp\/v2\/users\/1"}],"replies":[{"embeddable":true,"href":"https:\/\/naturnova.afundacion.org\/portal\/wp-json\/wp\/v2\/comments?post=1716"}],"version-history":[{"count":41,"href":"https:\/\/naturnova.afundacion.org\/portal\/wp-json\/wp\/v2\/pages\/1716\/revisions"}],"predecessor-version":[{"id":2956,"href":"https:\/\/naturnova.afundacion.org\/portal\/wp-json\/wp\/v2\/pages\/1716\/revisions\/2956"}],"wp:featuredmedia":[{"embeddable":true,"href":"https:\/\/naturnova.afundacion.org\/portal\/wp-json\/wp\/v2\/media\/2297"}],"wp:attachment":[{"href":"https:\/\/naturnova.afundacion.org\/portal\/wp-json\/wp\/v2\/media?parent=1716"}],"curies":[{"name":"wp","href":"https:\/\/api.w.org\/{rel}","templated":true}]}}