{"id":1710,"date":"2017-05-10T19:01:13","date_gmt":"2017-05-10T17:01:13","guid":{"rendered":"http:\/\/naturnova.afundacion.org\/portal\/?page_id=1710"},"modified":"2017-11-16T13:26:08","modified_gmt":"2017-11-16T12:26:08","slug":"vestibulo-e-submarino","status":"publish","type":"page","link":"https:\/\/naturnova.afundacion.org\/portal\/gl\/vestibulo-e-submarino\/","title":{"rendered":"Vest\u00edbulo e submarino"},"content":{"rendered":"<p><a href=\"https:\/\/naturnova.afundacion.org\/portal\/wp-content\/modu_1_proyec_vestibulo5.jpg\"><img loading=\"lazy\" class=\"alignright size-medium wp-image-22\" title=\"modu_1_proyec_vestibulo5\" src=\"https:\/\/naturnova.afundacion.org\/portal\/wp-content\/modu_1_proyec_vestibulo5.jpg\" alt=\"\" width=\"246\" height=\"163\" \/><\/a><strong>Proxecci\u00f3n inicial<\/strong><\/p>\n<p>A visita comeza cunha proxecci\u00f3n que re\u00fane unha serie de imaxes para resumir o contido de Naturnova e, como colof\u00f3n, unha homenaxe \u00e1s xentes do mar e a todos aqueles voluntarios que axudaron a paliar as consecuencias do desastre da marea negra do Prestige.<\/p>\n<p><a href=\"https:\/\/naturnova.afundacion.org\/portal\/wp-content\/modu_2_natur2.jpg\"><img loading=\"lazy\" class=\"alignnone size-medium wp-image-35 alignright\" style=\"float: right;\" title=\"modu_2_natur2\" src=\"https:\/\/naturnova.afundacion.org\/portal\/wp-content\/modu_2_natur2.jpg\" alt=\"\" width=\"240\" height=\"180\" \/><\/a><strong>Marabillas do noso planeta<\/strong><\/p>\n<p>A\u00ednda que a civilizaci\u00f3n ocupou a maior\u00eda do noso planeta, a\u00ednda quedan lugares, en gran parte, non afectados polo home. No globo terr\u00e1queo podemos localizar m\u00e1is de 30 para\u00edsos naturais, como: o Parque Nacional de Do\u00f1ana, Gran Paradiso, Os Alpes, montes Cairngorm, Can\u00f3n do Colorado, Tasmania, Everest, Sahara&#8230; Unha pantalla perm\u00edtenos contemplalos e co\u00f1ecelos.<\/p>\n<p><a href=\"https:\/\/naturnova.afundacion.org\/portal\/wp-content\/modu_3_submarin.jpg\"><img loading=\"lazy\" class=\"alignright size-medium wp-image-24\" title=\"modu_3_submarin\" src=\"https:\/\/naturnova.afundacion.org\/portal\/wp-content\/modu_3_submarin.jpg\" alt=\"\" width=\"240\" height=\"160\" \/><\/a><strong>No fondo da r\u00eda<\/strong><\/p>\n<p>Se hai algo identificativo da paisaxe de Galicia son as s\u00faas r\u00edas. Pero o seu maior interese est\u00e1 na auga, xa que a\u00ed re\u00fanense unhas condici\u00f3ns moi especiais para que nelas existan ecosistemas de gran riqueza e biodiversidade. Non todo o mundo ten a posibilidade de mergullar nos seus fondos, por iso, o centro prop\u00f3n ao visitante unha viaxe submarina en tres dimensi\u00f3ns a bordo do noso simulador para co\u00f1ecer as especies que a\u00ed se agochan.<\/p>\n<p><em>Nunha pantalla, no chan, p\u00f3dense ver imaxes reais do fondo da r\u00eda que son o resumo do v\u00eddeo &#8220;As Cores do Mar de Galicia&#8221;.<\/em><\/p>\n","protected":false},"excerpt":{"rendered":"<p>Proxecci\u00f3n inicial A visita comeza cunha proxecci\u00f3n que re\u00fane unha serie de imaxes para resumir o contido de Naturnova e, como colof\u00f3n, unha homenaxe \u00e1s xentes do mar e a todos aqueles voluntarios que axudaron a paliar as consecuencias do desastre da marea negra do Prestige. Marabillas do noso planeta A\u00ednda que a civilizaci\u00f3n ocupou [&hellip;]<\/p>\n","protected":false},"author":1,"featured_media":799,"parent":0,"menu_order":0,"comment_status":"closed","ping_status":"open","template":"","meta":[],"_links":{"self":[{"href":"https:\/\/naturnova.afundacion.org\/portal\/wp-json\/wp\/v2\/pages\/1710"}],"collection":[{"href":"https:\/\/naturnova.afundacion.org\/portal\/wp-json\/wp\/v2\/pages"}],"about":[{"href":"https:\/\/naturnova.afundacion.org\/portal\/wp-json\/wp\/v2\/types\/page"}],"author":[{"embeddable":true,"href":"https:\/\/naturnova.afundacion.org\/portal\/wp-json\/wp\/v2\/users\/1"}],"replies":[{"embeddable":true,"href":"https:\/\/naturnova.afundacion.org\/portal\/wp-json\/wp\/v2\/comments?post=1710"}],"version-history":[{"count":2,"href":"https:\/\/naturnova.afundacion.org\/portal\/wp-json\/wp\/v2\/pages\/1710\/revisions"}],"predecessor-version":[{"id":2351,"href":"https:\/\/naturnova.afundacion.org\/portal\/wp-json\/wp\/v2\/pages\/1710\/revisions\/2351"}],"wp:featuredmedia":[{"embeddable":true,"href":"https:\/\/naturnova.afundacion.org\/portal\/wp-json\/wp\/v2\/media\/799"}],"wp:attachment":[{"href":"https:\/\/naturnova.afundacion.org\/portal\/wp-json\/wp\/v2\/media?parent=1710"}],"curies":[{"name":"wp","href":"https:\/\/api.w.org\/{rel}","templated":true}]}}