{"id":1704,"date":"2017-05-10T18:53:13","date_gmt":"2017-05-10T16:53:13","guid":{"rendered":"http:\/\/naturnova.afundacion.org\/portal\/?page_id=1704"},"modified":"2017-11-16T13:13:32","modified_gmt":"2017-11-16T12:13:32","slug":"caracteristicas-tecnicas","status":"publish","type":"page","link":"https:\/\/naturnova.afundacion.org\/portal\/gl\/caracteristicas-tecnicas\/","title":{"rendered":"Caracter\u00edsticas t\u00e9cnicas"},"content":{"rendered":"<p><img loading=\"lazy\" class=\"alignleft size-full wp-image-11\" title=\"car_tec_ecosistema\" src=\"https:\/\/naturnova.afundacion.org\/portal\/wp-content\/car_tec_ecosistema.jpg\" alt=\"\" width=\"240\" height=\"178\" \/>O centro Naturnova est\u00e1 formado por 3 salas distribu\u00eddas noutros tantos niveis:<em> O Universo, O noso Planeta<\/em> e <em>O Ser Humano e o seu Medio.<\/em><\/p>\n<p>Consta de 40 m\u00f3dulos interactivos que permiten ao visitante atopar respostas para as d\u00fabidas e cuesti\u00f3ns que os mesmos suscitan. Cada un deles ten un cartel explicativo do contido e, cando \u00e9 necesario, un cartel coas instruci\u00f3ns de manexo.<\/p>\n<p>Os computadores man\u00e9xanse mediante un rato de b\u00f3la que se usa para seleccionar a opci\u00f3n desexada e un pulsador que confirma a nosa elecci\u00f3n. As botoneras serven para elixir directamente o que queremos ver.<\/p>\n","protected":false},"excerpt":{"rendered":"<p>O centro Naturnova est\u00e1 formado por 3 salas distribu\u00eddas noutros tantos niveis: O Universo, O noso Planeta e O Ser Humano e o seu Medio. Consta de 40 m\u00f3dulos interactivos que permiten ao visitante atopar respostas para as d\u00fabidas e cuesti\u00f3ns que os mesmos suscitan. Cada un deles ten un cartel explicativo do contido e, [&hellip;]<\/p>\n","protected":false},"author":1,"featured_media":1067,"parent":0,"menu_order":3,"comment_status":"closed","ping_status":"open","template":"","meta":[],"_links":{"self":[{"href":"https:\/\/naturnova.afundacion.org\/portal\/wp-json\/wp\/v2\/pages\/1704"}],"collection":[{"href":"https:\/\/naturnova.afundacion.org\/portal\/wp-json\/wp\/v2\/pages"}],"about":[{"href":"https:\/\/naturnova.afundacion.org\/portal\/wp-json\/wp\/v2\/types\/page"}],"author":[{"embeddable":true,"href":"https:\/\/naturnova.afundacion.org\/portal\/wp-json\/wp\/v2\/users\/1"}],"replies":[{"embeddable":true,"href":"https:\/\/naturnova.afundacion.org\/portal\/wp-json\/wp\/v2\/comments?post=1704"}],"version-history":[{"count":4,"href":"https:\/\/naturnova.afundacion.org\/portal\/wp-json\/wp\/v2\/pages\/1704\/revisions"}],"predecessor-version":[{"id":2343,"href":"https:\/\/naturnova.afundacion.org\/portal\/wp-json\/wp\/v2\/pages\/1704\/revisions\/2343"}],"wp:featuredmedia":[{"embeddable":true,"href":"https:\/\/naturnova.afundacion.org\/portal\/wp-json\/wp\/v2\/media\/1067"}],"wp:attachment":[{"href":"https:\/\/naturnova.afundacion.org\/portal\/wp-json\/wp\/v2\/media?parent=1704"}],"curies":[{"name":"wp","href":"https:\/\/api.w.org\/{rel}","templated":true}]}}