{"id":1700,"date":"2021-12-21T18:45:48","date_gmt":"2021-12-21T17:45:48","guid":{"rendered":"http:\/\/naturnova.afundacion.org\/portal\/?page_id=1700"},"modified":"2026-02-18T11:28:25","modified_gmt":"2026-02-18T10:28:25","slug":"horarios","status":"publish","type":"page","link":"https:\/\/naturnova.afundacion.org\/portal\/gl\/horarios\/","title":{"rendered":"Horario"},"content":{"rendered":"<p><strong><a href=\"https:\/\/naturnova.afundacion.org\/portal\/wp-content\/uploads\/2024\/06\/MG_6130-scaled.jpg\"><img loading=\"lazy\" class=\"alignright size-full wp-image-3205\" src=\"https:\/\/naturnova.afundacion.org\/portal\/wp-content\/uploads\/2024\/06\/MG_6130-scaled.jpg\" alt=\"\" width=\"2560\" height=\"1664\" srcset=\"https:\/\/naturnova.afundacion.org\/portal\/wp-content\/uploads\/2024\/06\/MG_6130-scaled.jpg 2560w, https:\/\/naturnova.afundacion.org\/portal\/wp-content\/uploads\/2024\/06\/MG_6130-300x195.jpg 300w, https:\/\/naturnova.afundacion.org\/portal\/wp-content\/uploads\/2024\/06\/MG_6130-1024x665.jpg 1024w, https:\/\/naturnova.afundacion.org\/portal\/wp-content\/uploads\/2024\/06\/MG_6130-768x499.jpg 768w, https:\/\/naturnova.afundacion.org\/portal\/wp-content\/uploads\/2024\/06\/MG_6130-1536x998.jpg 1536w, https:\/\/naturnova.afundacion.org\/portal\/wp-content\/uploads\/2024\/06\/MG_6130-2048x1331.jpg 2048w\" sizes=\"(max-width: 2560px) 100vw, 2560px\" \/><\/a>Aberto ao p\u00fablico xeral:<\/strong><\/p>\n<p>Do 1 de outubro ao 30 de xu\u00f1o (excepto festivos): os s\u00e1bados de 17:30 a 20:30 horas. Por orden de chegada ata completar aforo.<\/p>\n<p><strong>Luns, domingos e festivos pechado.<\/strong><\/p>\n<p><strong>Semana Santa 2026<\/strong>:<\/p>\n<p>Abriremos os d\u00edas 30 e 31 de marzo e 1 de abril de 17:30 a 20:30 <span style=\"color: #ff0000;\">(s\u00e1bado 4 de abril pechado)<\/span><\/p>\n<p>Entrada por orden de chegada ata completar aforo. Non se fan reservas<\/p>\n<p><strong>Xullo 2025 p\u00fablico xeral:<\/strong><\/p>\n<p>Abriremos os d\u00edas 4, 11 e 18 de xullo de 11:00-13:30<\/p>\n<p><strong>Horario Nadal:<\/strong><\/p>\n<p>Este nadal 2025 abriremos os d\u00edas 27 de decembro e 3 de xaneiro de 17:30 a 20:30.<\/p>\n<p>Os d\u00edas 23, 26, 30 de decembro e 2 de xaneiro teremos obradoiro de insectos con previa reserva.<\/p>\n<p><strong>Aberto para visitas de grupos e centros educativos:\u00a0<\/strong><\/p>\n<p>De o 1 de setembro ao 31 de xullo: de martes a venres, previa reserva no tel\u00e9fono 986 12 00 89\/88 \u00f3 en naturnova@afundacion.org<\/p>\n<p><strong>Actividades para nenos:<\/strong><\/p>\n<p>En xullo, previa reserva no tel\u00e9fono 986 12 00 88 \u00f3 en <a href=\"mailto:naturnova@afundacion.org\">naturnova@afundacion.org<\/a><\/p>\n","protected":false},"excerpt":{"rendered":"<p>Aberto ao p\u00fablico xeral: Do 1 de outubro ao 30 de xu\u00f1o (excepto festivos): os s\u00e1bados de 17:30 a 20:30 horas. Por orden de chegada ata completar aforo. Luns, domingos e festivos pechado. Semana Santa 2026: Abriremos os d\u00edas 30 e 31 de marzo e 1 de abril de 17:30 a 20:30 (s\u00e1bado 4 de [&hellip;]<\/p>\n","protected":false},"author":1,"featured_media":799,"parent":0,"menu_order":2,"comment_status":"closed","ping_status":"open","template":"","meta":[],"_links":{"self":[{"href":"https:\/\/naturnova.afundacion.org\/portal\/wp-json\/wp\/v2\/pages\/1700"}],"collection":[{"href":"https:\/\/naturnova.afundacion.org\/portal\/wp-json\/wp\/v2\/pages"}],"about":[{"href":"https:\/\/naturnova.afundacion.org\/portal\/wp-json\/wp\/v2\/types\/page"}],"author":[{"embeddable":true,"href":"https:\/\/naturnova.afundacion.org\/portal\/wp-json\/wp\/v2\/users\/1"}],"replies":[{"embeddable":true,"href":"https:\/\/naturnova.afundacion.org\/portal\/wp-json\/wp\/v2\/comments?post=1700"}],"version-history":[{"count":35,"href":"https:\/\/naturnova.afundacion.org\/portal\/wp-json\/wp\/v2\/pages\/1700\/revisions"}],"predecessor-version":[{"id":3398,"href":"https:\/\/naturnova.afundacion.org\/portal\/wp-json\/wp\/v2\/pages\/1700\/revisions\/3398"}],"wp:featuredmedia":[{"embeddable":true,"href":"https:\/\/naturnova.afundacion.org\/portal\/wp-json\/wp\/v2\/media\/799"}],"wp:attachment":[{"href":"https:\/\/naturnova.afundacion.org\/portal\/wp-json\/wp\/v2\/media?parent=1700"}],"curies":[{"name":"wp","href":"https:\/\/api.w.org\/{rel}","templated":true}]}}