{"id":13,"date":"2008-07-14T12:30:53","date_gmt":"2008-07-14T10:30:53","guid":{"rendered":"http:\/\/www.centrosocialcaixanova.com\/naturnova\/portal\/?page_id=13"},"modified":"2017-11-16T12:55:15","modified_gmt":"2017-11-16T11:55:15","slug":"contacto","status":"publish","type":"page","link":"https:\/\/naturnova.afundacion.org\/portal\/es\/contacto\/","title":{"rendered":"Contacta con nosotros"},"content":{"rendered":"<p style=\"text-align: left;\"><img loading=\"lazy\" class=\"alignleft wp-image-1067\" src=\"http:\/\/naturnova.obrasocialncg.com\/portal\/wp-content\/uploads\/2008\/07\/ni\u00f1os-300x200.jpg\" alt=\"ni\u00f1os\" width=\"348\" height=\"232\" srcset=\"https:\/\/naturnova.afundacion.org\/portal\/wp-content\/uploads\/2008\/07\/ni\u00f1os-300x200.jpg 300w, https:\/\/naturnova.afundacion.org\/portal\/wp-content\/uploads\/2008\/07\/ni\u00f1os.jpg 850w\" sizes=\"(max-width: 348px) 100vw, 348px\" \/><strong>NATURNOVA<\/strong><br \/>\nCentro de Educaci\u00f3n Ambiental<\/p>\n<p>Direcci\u00f3n:<br \/>\nVel\u00e1zquez Moreno 18-20<br \/>\n36202 Vigo &#8211; PONTEVEDRA<\/p>\n<p>Tl. 986 120 088<br \/>\nCorreo electr\u00f3nico: <a href=\"mailto:naturnova@afundacion.org\">naturnova@afundacion.org<\/a><\/p>\n","protected":false},"excerpt":{"rendered":"<p>NATURNOVA Centro de Educaci\u00f3n Ambiental Direcci\u00f3n: Vel\u00e1zquez Moreno 18-20 36202 Vigo &#8211; PONTEVEDRA Tl. 986 120 088 Correo electr\u00f3nico: naturnova@afundacion.org<\/p>\n","protected":false},"author":1,"featured_media":2315,"parent":0,"menu_order":5,"comment_status":"closed","ping_status":"open","template":"","meta":[],"_links":{"self":[{"href":"https:\/\/naturnova.afundacion.org\/portal\/wp-json\/wp\/v2\/pages\/13"}],"collection":[{"href":"https:\/\/naturnova.afundacion.org\/portal\/wp-json\/wp\/v2\/pages"}],"about":[{"href":"https:\/\/naturnova.afundacion.org\/portal\/wp-json\/wp\/v2\/types\/page"}],"author":[{"embeddable":true,"href":"https:\/\/naturnova.afundacion.org\/portal\/wp-json\/wp\/v2\/users\/1"}],"replies":[{"embeddable":true,"href":"https:\/\/naturnova.afundacion.org\/portal\/wp-json\/wp\/v2\/comments?post=13"}],"version-history":[{"count":16,"href":"https:\/\/naturnova.afundacion.org\/portal\/wp-json\/wp\/v2\/pages\/13\/revisions"}],"predecessor-version":[{"id":2333,"href":"https:\/\/naturnova.afundacion.org\/portal\/wp-json\/wp\/v2\/pages\/13\/revisions\/2333"}],"wp:featuredmedia":[{"embeddable":true,"href":"https:\/\/naturnova.afundacion.org\/portal\/wp-json\/wp\/v2\/media\/2315"}],"wp:attachment":[{"href":"https:\/\/naturnova.afundacion.org\/portal\/wp-json\/wp\/v2\/media?parent=13"}],"curies":[{"name":"wp","href":"https:\/\/api.w.org\/{rel}","templated":true}]}}