{"id":12,"date":"2008-07-14T12:19:14","date_gmt":"2008-07-14T10:19:14","guid":{"rendered":"http:\/\/www.centrosocialcaixanova.com\/naturnova\/portal\/?page_id=12"},"modified":"2022-04-07T08:15:00","modified_gmt":"2022-04-07T06:15:00","slug":"material-didactico","status":"publish","type":"page","link":"https:\/\/naturnova.afundacion.org\/portal\/es\/material-didactico\/","title":{"rendered":"Material did\u00e1ctico online"},"content":{"rendered":"<p>Existen\u00a0<strong>unidades did\u00e1cticas<\/strong>\u00a0que los alumnos podr\u00e1n\u00a0trabajar en clase o en casa. Estes son alg\u00fan de los contenidos para el curso 2020\/2021.<\/p>\n<p>Puedes acceder a la <a href=\"https:\/\/my.matterport.com\/show\/?m=noW5fUyDfaR&amp;st=7000\" target=\"_blank\" rel=\"noopener noreferrer\"><span style=\"color: #3366ff;\"><strong>Visita Virtual de nuestro Centro<\/strong><\/span><\/a><\/p>\n<ul>\n<li><strong>Infantil<\/strong>\n<ul>\n<li>Las estaciones del a\u00f1o\n<ul>\n<li>Oto\u00f1o. <a href=\"https:\/\/naturnova.afundacion.org\/portal\/wp-content\/uploads\/2020\/09\/Estaciones-a\u00f1o-Oto\u00f1o-castellano.pdf\" target=\"_blank\" rel=\"noopener noreferrer\">Documentaci\u00f3n.\u00a0<\/a><a href=\"https:\/\/naturnova.afundacion.org\/portal\/wp-content\/uploads\/2020\/10\/oto\u00f1o_estaciones_castellano-5.pdf\" target=\"_blank\" rel=\"noopener noreferrer\">Juego de adivina<\/a><\/li>\n<li>Invierno. <a href=\"https:\/\/naturnova.afundacion.org\/portal\/wp-content\/uploads\/2020\/09\/Estaciones-a\u00f1o-Invierno.pdf\" target=\"_blank\" rel=\"noopener noreferrer\">Documentaci\u00f3n.<\/a>\u00a0\u00a0<a href=\"https:\/\/naturnova.afundacion.org\/portal\/wp-content\/uploads\/2020\/10\/Invierno-castellano-2.pdf\" target=\"_blank\" rel=\"noopener noreferrer\">Juego de adivina<\/a><\/li>\n<li>Primavera. <a href=\"https:\/\/naturnova.afundacion.org\/portal\/wp-content\/uploads\/2020\/09\/Estaciones-a\u00f1o-Primavera.pdf\" target=\"_blank\" rel=\"noopener noreferrer\">Documentaci\u00f3n<\/a>. \u00a0<a href=\"https:\/\/naturnova.afundacion.org\/portal\/wp-content\/uploads\/2020\/10\/primavera_castellano-3.pdf\" target=\"_blank\" rel=\"noopener noreferrer\">Juego de adivina<\/a><\/li>\n<li>Verano. <a href=\"https:\/\/naturnova.afundacion.org\/portal\/wp-content\/uploads\/2020\/09\/Estaciones-a\u00f1o-Verano.pdf\" target=\"_blank\" rel=\"noopener noreferrer\">Documentaci\u00f3n.\u00a0<\/a> <a href=\"https:\/\/naturnova.afundacion.org\/portal\/wp-content\/uploads\/2020\/10\/Verano_estaciones_castellano-4.pdf\" target=\"_blank\" rel=\"noopener noreferrer\">Juego de adivina<\/a><\/li>\n<\/ul>\n<\/li>\n<\/ul>\n<\/li>\n<li><strong>1\u00ba e 2\u00ba de primaria<\/strong>\n<ul>\n<li>Experimento sencillo sobre la creaci\u00f3n de lluvia. <a href=\"https:\/\/www.youtube.com\/watch?v=VE0RCoJ22s0&amp;t=18s\">Video<\/a><\/li>\n<\/ul>\n<\/li>\n<li><strong>3\u00ba e 4\u00ba de primaria<\/strong>\n<ul>\n<li>Experimento Contaminaci\u00f3n atmosf\u00e9rica e lluvia \u00e1cida. <a href=\"https:\/\/www.youtube.com\/watch?v=WFTjyMiSzRU&amp;t=63s\">Video\u00a0<\/a><\/li>\n<li>Experimento efecto Marangoni. <a href=\"https:\/\/www.youtube.com\/watch?v=Lvh6uV5oaQc&amp;t=119s\">Video<\/a><\/li>\n<\/ul>\n<\/li>\n<li><strong>5\u00ba e 6\u00ba de primaria<\/strong>\n<ul>\n<li>Experimento corrientes marinas. <a href=\"https:\/\/www.youtube.com\/watch?v=lp-g4Pffo78&amp;t=5s\">Video<\/a><\/li>\n<li>Documento sobre la separaci\u00f3n selectiva de la basura para el reciclado. <a href=\"https:\/\/naturnova.afundacion.org\/portal\/wp-content\/uploads\/2020\/08\/Naturnova-reciclaje.pdf\" target=\"_blank\" rel=\"noopener noreferrer\">&#8220;Fai os teus equipos e xoga limpo!&#8221;<\/a><\/li>\n<\/ul>\n<\/li>\n<li><strong>1\u00ba,2\u00ba, 3\u00ba y 4\u00ba ESO. Bachillerato<\/strong>\n<ul>\n<li>Charla divulgativa sobre el pepino de mar por parte de la bi\u00f3loga Tania Ballesteros Otero.\n<ul>\n<li>Pepino de Mar. \u00bfC\u00faal es el papel en el oc\u00e9ano? <a href=\"https:\/\/www.youtube.com\/watch?v=ezCSPmte2Zo&amp;t=205s\">Video<\/a> <a href=\"https:\/\/naturnova.afundacion.org\/portal\/wp-content\/uploads\/2020\/08\/Cogombros-galego.jpg\">l\u00e1mina<\/a><\/li>\n<\/ul>\n<\/li>\n<li>Charla divulgativa sobre Bacterias por parte de Andrea Muras <a href=\"https:\/\/www.crowdcast.io\/e\/falamos-de-ciencia?utm_source=profile&amp;utm_medium=profile_web&amp;utm_campaign=profile\" target=\"_blank\" rel=\"noopener noreferrer\">Video<\/a><\/li>\n<li>Charla divulgativa sobre el fitoplancton por Luis Paulo Alcaraz. <a href=\"https:\/\/www.afundacion.org\/es\/afundaciontv\/recurso\/el-papel-del-fitoplancton-en-el-cambio-climtico-por-luis-paulo-alcaraz\" target=\"_blank\" rel=\"noopener noreferrer\">Video<\/a><\/li>\n<li><strong>NUEVO<\/strong>: Charla divulgativa sobre Cambio Clim\u00e1tico por <strong>CRESPO. (QuatumFracture)<\/strong>. <a href=\"https:\/\/www.youtube.com\/watch?v=TqD2F6HIHUo&amp;t=604s\" target=\"_blank\" rel=\"noopener noreferrer\">Video<\/a><\/li>\n<li><strong>NUEVO<\/strong>: Charla divulgativa sobre&#8221;La qu\u00edmica al auxilio de los oc\u00e9anos&#8221; por <strong>D\u00e9rborah Garc\u00eda Bello<\/strong>. <a href=\"https:\/\/www.youtube.com\/watch?v=G9-gTlqMBso\" target=\"_blank\" rel=\"noopener noreferrer\">Video<\/a><\/li>\n<\/ul>\n<\/li>\n<\/ul>\n\n\n<p><\/p>\n","protected":false},"excerpt":{"rendered":"<p>Existen\u00a0unidades did\u00e1cticas\u00a0que los alumnos podr\u00e1n\u00a0trabajar en clase o en casa. Estes son alg\u00fan de los contenidos para el curso 2020\/2021. Puedes acceder a la Visita Virtual de nuestro Centro Infantil Las estaciones del a\u00f1o Oto\u00f1o. Documentaci\u00f3n.\u00a0Juego de adivina Invierno. Documentaci\u00f3n.\u00a0\u00a0Juego de adivina Primavera. Documentaci\u00f3n. \u00a0Juego de adivina Verano. Documentaci\u00f3n.\u00a0 Juego de adivina 1\u00ba e 2\u00ba [&hellip;]<\/p>\n","protected":false},"author":1,"featured_media":2297,"parent":0,"menu_order":4,"comment_status":"closed","ping_status":"open","template":"","meta":[],"_links":{"self":[{"href":"https:\/\/naturnova.afundacion.org\/portal\/wp-json\/wp\/v2\/pages\/12"}],"collection":[{"href":"https:\/\/naturnova.afundacion.org\/portal\/wp-json\/wp\/v2\/pages"}],"about":[{"href":"https:\/\/naturnova.afundacion.org\/portal\/wp-json\/wp\/v2\/types\/page"}],"author":[{"embeddable":true,"href":"https:\/\/naturnova.afundacion.org\/portal\/wp-json\/wp\/v2\/users\/1"}],"replies":[{"embeddable":true,"href":"https:\/\/naturnova.afundacion.org\/portal\/wp-json\/wp\/v2\/comments?post=12"}],"version-history":[{"count":115,"href":"https:\/\/naturnova.afundacion.org\/portal\/wp-json\/wp\/v2\/pages\/12\/revisions"}],"predecessor-version":[{"id":2955,"href":"https:\/\/naturnova.afundacion.org\/portal\/wp-json\/wp\/v2\/pages\/12\/revisions\/2955"}],"wp:featuredmedia":[{"embeddable":true,"href":"https:\/\/naturnova.afundacion.org\/portal\/wp-json\/wp\/v2\/media\/2297"}],"wp:attachment":[{"href":"https:\/\/naturnova.afundacion.org\/portal\/wp-json\/wp\/v2\/media?parent=12"}],"curies":[{"name":"wp","href":"https:\/\/api.w.org\/{rel}","templated":true}]}}