{"id":100,"date":"2008-07-18T09:28:40","date_gmt":"2008-07-18T07:28:40","guid":{"rendered":"http:\/\/www.centrosocialcaixanova.com\/naturnova\/portal\/?page_id=100"},"modified":"2017-11-16T12:45:16","modified_gmt":"2017-11-16T11:45:16","slug":"extinciones","status":"publish","type":"page","link":"https:\/\/naturnova.afundacion.org\/portal\/es\/extinciones\/","title":{"rendered":"Extinciones"},"content":{"rendered":"<table border=\"0\" width=\"100%\" cellspacing=\"0\" cellpadding=\"0\">\n<tbody>\n<tr>\n<td class=\"sectiontableheader\"><\/td>\n<td class=\"sectiontableheader\" width=\"90%\" height=\"20\"><\/td>\n<td class=\"sectiontableheader\" align=\"right\" width=\"30\" height=\"20\"><\/td>\n<\/tr>\n<tr class=\"sectiontableentry1\">\n<td align=\"center\" width=\"100\" height=\"20\"><\/td>\n<td height=\"20\"><a href=\"http:\/\/www.wwf.es\/que_hacemos\/especies\/biodiversidad_20102\/espana\/10_especies_en_peligro\/\" target=\"_blank\">Especies en peligro<\/a><br \/>\n10 especies en peligro de extinci\u00f3n en la Pen\u00ednsula Ib\u00e9rica.<\/td>\n<td align=\"center\"><\/td>\n<\/tr>\n<\/tbody>\n<\/table>\n","protected":false},"excerpt":{"rendered":"<p>Especies en peligro 10 especies en peligro de extinci\u00f3n en la Pen\u00ednsula Ib\u00e9rica.<\/p>\n","protected":false},"author":1,"featured_media":0,"parent":0,"menu_order":0,"comment_status":"closed","ping_status":"open","template":"","meta":[],"_links":{"self":[{"href":"https:\/\/naturnova.afundacion.org\/portal\/wp-json\/wp\/v2\/pages\/100"}],"collection":[{"href":"https:\/\/naturnova.afundacion.org\/portal\/wp-json\/wp\/v2\/pages"}],"about":[{"href":"https:\/\/naturnova.afundacion.org\/portal\/wp-json\/wp\/v2\/types\/page"}],"author":[{"embeddable":true,"href":"https:\/\/naturnova.afundacion.org\/portal\/wp-json\/wp\/v2\/users\/1"}],"replies":[{"embeddable":true,"href":"https:\/\/naturnova.afundacion.org\/portal\/wp-json\/wp\/v2\/comments?post=100"}],"version-history":[{"count":2,"href":"https:\/\/naturnova.afundacion.org\/portal\/wp-json\/wp\/v2\/pages\/100\/revisions"}],"predecessor-version":[{"id":1507,"href":"https:\/\/naturnova.afundacion.org\/portal\/wp-json\/wp\/v2\/pages\/100\/revisions\/1507"}],"wp:attachment":[{"href":"https:\/\/naturnova.afundacion.org\/portal\/wp-json\/wp\/v2\/media?parent=100"}],"curies":[{"name":"wp","href":"https:\/\/api.w.org\/{rel}","templated":true}]}}