{"id":10,"date":"2008-07-14T12:16:30","date_gmt":"2008-07-14T10:16:30","guid":{"rendered":"http:\/\/www.centrosocialcaixanova.com\/naturnova\/portal\/?page_id=10"},"modified":"2017-11-16T13:13:56","modified_gmt":"2017-11-16T12:13:56","slug":"caracteriaticas-tecnicas","status":"publish","type":"page","link":"https:\/\/naturnova.afundacion.org\/portal\/es\/caracteriaticas-tecnicas\/","title":{"rendered":"Caracter\u00edsticas t\u00e9cnicas"},"content":{"rendered":"<p><img loading=\"lazy\" class=\"alignleft size-full wp-image-11\" title=\"car_tec_ecosistema\" src=\"https:\/\/naturnova.afundacion.org\/portal\/wp-content\/car_tec_ecosistema.jpg\" alt=\"\" width=\"240\" height=\"178\" \/><\/a>El centro Naturnova est\u00e1 formado por 3 salas distribuidas en otros tantos niveles: <em>El Universo, Nuestro Planeta<\/em> y <em>El Ser Humano y su Medio<\/em>.<\/p>\n<p>Consta de 40 m\u00f3dulos interactivos que permiten al visitante encontrar respuestas para las dudas y cuestiones que los mismos suscitan. Cada uno de ellos tiene un cartel explicativo del contenido y, cuando es necesario, una cartelina con las instrucciones de manejo.<\/p>\n<p>Los ordenadores se manejan mediante un rat\u00f3n de bola que se usa para seleccionar la opci\u00f3n deseada y un pulsador que confirma nuestra elecci\u00f3n. Las botoneras sirven para elegir directamente lo que queremos ver.<\/p>\n","protected":false},"excerpt":{"rendered":"<p>El centro Naturnova est\u00e1 formado por 3 salas distribuidas en otros tantos niveles: El Universo, Nuestro Planeta y El Ser Humano y su Medio. Consta de 40 m\u00f3dulos interactivos que permiten al visitante encontrar respuestas para las dudas y cuestiones que los mismos suscitan. Cada uno de ellos tiene un cartel explicativo del contenido y, [&hellip;]<\/p>\n","protected":false},"author":1,"featured_media":1067,"parent":0,"menu_order":3,"comment_status":"closed","ping_status":"open","template":"","meta":[],"_links":{"self":[{"href":"https:\/\/naturnova.afundacion.org\/portal\/wp-json\/wp\/v2\/pages\/10"}],"collection":[{"href":"https:\/\/naturnova.afundacion.org\/portal\/wp-json\/wp\/v2\/pages"}],"about":[{"href":"https:\/\/naturnova.afundacion.org\/portal\/wp-json\/wp\/v2\/types\/page"}],"author":[{"embeddable":true,"href":"https:\/\/naturnova.afundacion.org\/portal\/wp-json\/wp\/v2\/users\/1"}],"replies":[{"embeddable":true,"href":"https:\/\/naturnova.afundacion.org\/portal\/wp-json\/wp\/v2\/comments?post=10"}],"version-history":[{"count":5,"href":"https:\/\/naturnova.afundacion.org\/portal\/wp-json\/wp\/v2\/pages\/10\/revisions"}],"predecessor-version":[{"id":2344,"href":"https:\/\/naturnova.afundacion.org\/portal\/wp-json\/wp\/v2\/pages\/10\/revisions\/2344"}],"wp:featuredmedia":[{"embeddable":true,"href":"https:\/\/naturnova.afundacion.org\/portal\/wp-json\/wp\/v2\/media\/1067"}],"wp:attachment":[{"href":"https:\/\/naturnova.afundacion.org\/portal\/wp-json\/wp\/v2\/media?parent=10"}],"curies":[{"name":"wp","href":"https:\/\/api.w.org\/{rel}","templated":true}]}}